
{"id":1039,"date":"2011-06-17T09:53:51","date_gmt":"2011-06-17T09:53:51","guid":{"rendered":"http:\/\/www.porvalencia.es\/estid\/?page_id=1039"},"modified":"2016-11-04T13:14:13","modified_gmt":"2016-11-04T13:14:13","slug":"practicas-en-empresas","status":"publish","type":"page","link":"https:\/\/novapaginaetsid.webs.upv.es\/?page_id=1039","title":{"rendered":"Pr\u00e1cticas en Empresas"},"content":{"rendered":"<p style=\"text-align: justify;\">Los Programas de Cooperaci\u00f3n Educativa tienen por objeto la participaci\u00f3n de la Universitat Polit\u00e8cnica de Val\u00e8ncia y la Escuela T\u00e9cnica Superior de Ingenier\u00eda del Dise\u00f1o con Empresas e Instituciones en materia de Educaci\u00f3n y Empleo.<\/p>\n<p style=\"text-align: justify;\">Esta cooperaci\u00f3n consiste en la realizaci\u00f3n de Pr\u00e1cticas y Proyectos Fin de Carrera de estudiantes de los \u00faltimos cursos de la Universitat Polit\u00e8cnica de Val\u00e8ncia en Empresas e Instituciones. Los objetivos fundamentales de los Programas de Cooperaci\u00f3n Educativa son contribuir a mejorar tecnol\u00f3gicamente las Empresas e Instituciones aportando recursos humanos de esta Universidad, con amplios conocimientos t\u00e9cnicos, y completar la formaci\u00f3n integral del estudiante, para que \u00e9ste pueda incorporarse al mundo profesional con una cierta experiencia t\u00e9cnica y humana.<\/p>\n<p style=\"text-align: justify;\">Esta colaboraci\u00f3n se materializa mediante un <b>Convenio de Colaboraci\u00f3n Educativa<\/b> entre la Universitat Polit\u00e8cnica de Val\u00e8nciaa y la Empresa o Instituci\u00f3n. Este convenio no supone relaci\u00f3n contractual alguna entre el estudiante y la Empresa o Instituci\u00f3n, ya que, por su naturaleza, esta relaci\u00f3n es estrictamente acad\u00e9mica y no laboral.<\/p>\n<p style=\"text-align: justify;\">El Convenio de Colaboraci\u00f3n Educativa requiere la figura de un Tutor en la Empresa o Instituci\u00f3n y otro en la Universidad que velar\u00e1n por la formaci\u00f3n del alumnado. Tambi\u00e9n es necesario establecer un Programa Formativo en el cual se describan las actividades que se van a desempe\u00f1ar durante la estancia en la Empresa\/Instituci\u00f3n. El alumnado estar\u00e1 sujeto al r\u00e9gimen y horario que se determine. La Empresa o Instituci\u00f3n acuerda con cada estudiante una cantidad de dinero en concepto de bolsa de ayuda al estudio, que ser\u00e1 satisfecha en la forma que determinen ambas partes. Los gastos devenidos en el pago de \u00e9stas, podr\u00e1n desgravarse fiscalmente.<\/p>\n<p style=\"text-align: justify;\">Desde la Subdirecci\u00f3n de Relaciones con la Empresa de la Escuela T\u00e9cnica Superior de Ingenier\u00eda del Dise\u00f1o se facilita a los estudiantes de esta Escuela la posibilidad de realizar pr\u00e1cticas y Proyectos Final de Carrera de calidad en empresas e instituciones.<\/p>\n<p style=\"text-align: justify;\">El\/la alumno\/a que realiza pr\u00e1cticas en empresas tiene la oportunidad de aprender a resolver problemas reales aplicando los conocimientos adquiridos durante la carrera, trabajar en una jerarqu\u00eda empresarial, trabajar en equipo, as\u00ed como comunicarse con clientes, proveedores, etc. viviendo de esta manera experiencias de responsabilidad las cuales le proporcionan un bagaje \u00fatil para su futuro desempe\u00f1o empresarial<\/p>\n<hr \/>\n<p style=\"text-align: center;\">Listado de Empresas de pr\u00e1cticas de los alumnos de la ETSID<\/p>\n<p style=\"text-align: center;\"><a href=\"http:\/\/etsid.webs.upv.es\/wp-content\/uploads\/2016\/07\/Empresas-Grado-mecanica.pdf\">empresas-grado-mecanica<\/a><\/p>\n<p style=\"text-align: center;\"><a href=\"http:\/\/etsid.webs.upv.es\/wp-content\/uploads\/2016\/07\/Empresas-Grado-disen%CC%83o.pdf\">empresas-grado-dise\u00f1o<\/a><\/p>\n<p style=\"text-align: center;\"><a href=\"http:\/\/etsid.webs.upv.es\/wp-content\/uploads\/2016\/07\/Empresas-Grado-Electrica.pdf\">empresas-grado-electrica<\/a><\/p>\n<p style=\"text-align: center;\"><a href=\"http:\/\/etsid.webs.upv.es\/wp-content\/uploads\/2016\/07\/Empresas-Grado-electronica.pdf\">empresas-grado-electronica<\/a><\/p>\n<p style=\"text-align: center;\"><a href=\"http:\/\/etsid.webs.upv.es\/wp-content\/uploads\/2016\/07\/Practicas_Aero.pdf\">empresas-grado-aero<\/a><\/p>\n<hr \/>\n<p><strong><a title=\"Informaci\u00f3n de contacto\" href=\"https:\/\/novapaginaetsid.webs.upv.es\/?page_id=1820\"><span style=\"text-decoration: underline;\">Informaci\u00f3n de contacto<\/span><\/a><\/strong><\/p>\n<div><strong>Subdirector de Relaciones con la Empresa:<\/strong> Suitberto Cabrera Garc\u00eda<\/div>\n<div><strong>T\u00e9cnico de Pr\u00e1cticas en Empresas: <\/strong>Elena Grimalt Navarro<\/div>\n<div>Escuela T\u00e9cnica Superior de Ingenier\u00eda del Dise\u00f1o<\/div>\n<div>1\u00aa planta Ala Norte<\/div>\n<div><\/div>\n<div>Direcci\u00f3n<\/div>\n<div>Universitat Polit\u00e8cnica de Val\u00e8ncia<\/div>\n<div>Camino de Vera 14<\/div>\n<div>46022 Valencia<\/div>\n<div>Telf. +34 963 879 184.<\/div>\n<div>Fax. +34 963 879 180.<\/div>\n<div>E-mail.: <a href=\"mailto:practicas@etsid.upv.es\">practicas@etsid.upv.es<\/a><\/div>\n<div><a href=\"http:\/\/www.upv.es\/entidades\/ETSID\/\">www.upv.es\/entidades\/ETSID<\/a><\/div>\n<div><\/div>\n<div><strong>Horario de Atenci\u00f3n:<\/strong><\/div>\n<div>Ma\u00f1anas: de lunes a viernes de 12:30 a 14:30<\/div>\n<div>Tardes: martes y jueves de 16:00 a 18:30<\/div>\n<h4><\/h4>\n<p>&nbsp;<\/p>\n<div><strong>Horario de verano (a partir del 15 de julio):<\/strong><\/div>\n<div>\n<div>Ma\u00f1anas: de lunes a viernes de 12:00 a 14:00<\/div>\n<div>No habr\u00e1 atenci\u00f3n en horario de tarde.<\/div>\n<\/div>\n<div><strong>\u00a0<\/strong><\/div>\n<hr \/>\n","protected":false},"excerpt":{"rendered":"<p>Los Programas de Cooperaci\u00f3n Educativa tienen por objeto la participaci\u00f3n de la Universitat Polit\u00e8cnica de Val\u00e8ncia y la Escuela T\u00e9cnica Superior de Ingenier\u00eda del Dise\u00f1o con Empresas e Instituciones en materia de Educaci\u00f3n y Empleo. Esta cooperaci\u00f3n consiste en la &hellip; <a href=\"https:\/\/novapaginaetsid.webs.upv.es\/?page_id=1039\"><br \/>Continuar leyendo<\/a><\/p>\n","protected":false},"author":4,"featured_media":0,"parent":0,"menu_order":1,"comment_status":"open","ping_status":"closed","template":"plantilla_relacionesempresas.php","meta":{"footnotes":""},"class_list":["post-1039","page","type-page","status-publish","hentry"],"_links":{"self":[{"href":"https:\/\/novapaginaetsid.webs.upv.es\/index.php?rest_route=\/wp\/v2\/pages\/1039","targetHints":{"allow":["GET"]}}],"collection":[{"href":"https:\/\/novapaginaetsid.webs.upv.es\/index.php?rest_route=\/wp\/v2\/pages"}],"about":[{"href":"https:\/\/novapaginaetsid.webs.upv.es\/index.php?rest_route=\/wp\/v2\/types\/page"}],"author":[{"embeddable":true,"href":"https:\/\/novapaginaetsid.webs.upv.es\/index.php?rest_route=\/wp\/v2\/users\/4"}],"replies":[{"embeddable":true,"href":"https:\/\/novapaginaetsid.webs.upv.es\/index.php?rest_route=%2Fwp%2Fv2%2Fcomments&post=1039"}],"version-history":[{"count":43,"href":"https:\/\/novapaginaetsid.webs.upv.es\/index.php?rest_route=\/wp\/v2\/pages\/1039\/revisions"}],"predecessor-version":[{"id":6837,"href":"https:\/\/novapaginaetsid.webs.upv.es\/index.php?rest_route=\/wp\/v2\/pages\/1039\/revisions\/6837"}],"wp:attachment":[{"href":"https:\/\/novapaginaetsid.webs.upv.es\/index.php?rest_route=%2Fwp%2Fv2%2Fmedia&parent=1039"}],"curies":[{"name":"wp","href":"https:\/\/api.w.org\/{rel}","templated":true}]}}