
{"id":1340,"date":"2011-09-13T16:19:08","date_gmt":"2011-09-13T16:19:08","guid":{"rendered":"http:\/\/novapaginaetsid.webs.upv.es\/?page_id=1340"},"modified":"2013-10-15T13:44:47","modified_gmt":"2013-10-15T13:44:47","slug":"acceso-a-2%c2%ba-ciclo","status":"publish","type":"page","link":"https:\/\/novapaginaetsid.webs.upv.es\/?page_id=1340","title":{"rendered":"Acceso a 2\u00ba Ciclo 2011_2012"},"content":{"rendered":"<p><strong>Acceso al Segundo Ciclo de Ingenier\u00eda Aeron\u00e1utica<\/strong><\/p>\n<p><a title=\"Matr\u00edcula admitidos al Segundo Ciclo de Ingenier\u00eda Aeron\u00e1utica\" href=\"\/wp-content\/uploads\/2011\/09\/CARTEL LISTA ADMITIDOS AERON\u00c1UTICOS.doc\" target=\"_blank\">Matr\u00edcula admitidos al Segundo Ciclo de Ingenier\u00eda Aeron\u00e1utica<\/a><\/p>\n<p><a title=\"Lista admitidos al Segundo Ciclo de Ingenier\u00eda Aeron\u00e1utica\" href=\"\/wp-content\/uploads\/2011\/09\/LISTA DE ADMITIDOS 2\u00ba CICLO INGENIEROS AERON\u00c1UTICOS.pdf\" target=\"_blank\">Lista admitidos al Segundo Ciclo de Ingenier\u00eda Aeron\u00e1utica<\/a> (N) 15\/09\/2011<\/p>\n<p><a title=\"Lista excluidos al Segundo Ciclo de Ingenier\u00eda Aeron\u00e1utica\" href=\"\/wp-content\/uploads\/2011\/09\/LISTA DE EXCLUIDOS 2\u00ba CICLO INGENIEROS AERON\u00c1UTICOS.pdf\" target=\"_blank\">Lista excluidos al Segundo Ciclo de Ingenier\u00eda Aeron\u00e1utica<\/a> (N) 15\/09\/2011<\/p>\n<p><strong>Acceso al Segundo Ciclo de Organizaci\u00f3n Industrial<\/strong><\/p>\n<p><a title=\"Matr\u00edcula admitidos al Segundo Ciclo de Organizaci\u00f3n Industrial\" href=\"\/wp-content\/uploads\/2011\/09\/CARTEL LISTA ADMITIDOS ORGANIZACI\u00d3N INDUSTRIAL.doc\" target=\"_blank\">Matr\u00edcula admitidos al Segundo Ciclo de Organizaci\u00f3n Industrial<\/a><\/p>\n<p><a title=\"Lista admitidos al Segundo Ciclo de Organizaci\u00f3n Industrial\" href=\"\/wp-content\/uploads\/2011\/09\/ORGANIZACI\u00d3N ADMITIDOS.xls\" target=\"_blank\">Lista admitidos al Segundo Ciclo de Organizaci\u00f3n Industrial<\/a><\/p>\n<p><a title=\"Lista de espera acceso al Segundo Ciclo de Organizaci\u00f3n Industrial\" href=\"\/wp-content\/uploads\/2011\/09\/ORGANIZACI\u00d3N LISTA DE ESPERA.xls\" target=\"_blank\">Lista de espera acceso al Segundo Ciclo de Organizaci\u00f3n Industrial<\/a><\/p>\n<p><a title=\"Lista NO admitidos al Segundo Ciclo de Organizaci\u00f3n Industrial por no titulados\" href=\"\/wp-content\/uploads\/2011\/09\/ORGANIZACI\u00d3N NO ADMITIDOS POR NO TITULADOS.xls\" target=\"_blank\">Lista NO admitidos al Segundo Ciclo de Organizaci\u00f3n Industria por no titulados<\/a><\/p>\n<p><a title=\"Lista NO admitidos al Segundo Ciclo de Organizaci\u00f3n Industrial por no aportar complementos\" href=\"\/wp-content\/uploads\/2011\/09\/ORGANIZACI\u00d3N NO ADMITIDOS por no aportar complementos.xls\" target=\"_blank\">Lista NO admitidos al Segundo Ciclo de Organizaci\u00f3n Industria por no aportar complementos<\/a><\/p>\n","protected":false},"excerpt":{"rendered":"<p>Acceso al Segundo Ciclo de Ingenier\u00eda Aeron\u00e1utica Matr\u00edcula admitidos al Segundo Ciclo de Ingenier\u00eda Aeron\u00e1utica Lista admitidos al Segundo Ciclo de Ingenier\u00eda Aeron\u00e1utica (N) 15\/09\/2011 Lista excluidos al Segundo Ciclo de Ingenier\u00eda Aeron\u00e1utica (N) 15\/09\/2011 Acceso al Segundo Ciclo de &hellip; <a href=\"https:\/\/novapaginaetsid.webs.upv.es\/?page_id=1340\"><br \/>Continuar leyendo<\/a><\/p>\n","protected":false},"author":4,"featured_media":0,"parent":93,"menu_order":0,"comment_status":"open","ping_status":"closed","template":"","meta":{"footnotes":""},"class_list":["post-1340","page","type-page","status-publish","hentry"],"_links":{"self":[{"href":"https:\/\/novapaginaetsid.webs.upv.es\/index.php?rest_route=\/wp\/v2\/pages\/1340","targetHints":{"allow":["GET"]}}],"collection":[{"href":"https:\/\/novapaginaetsid.webs.upv.es\/index.php?rest_route=\/wp\/v2\/pages"}],"about":[{"href":"https:\/\/novapaginaetsid.webs.upv.es\/index.php?rest_route=\/wp\/v2\/types\/page"}],"author":[{"embeddable":true,"href":"https:\/\/novapaginaetsid.webs.upv.es\/index.php?rest_route=\/wp\/v2\/users\/4"}],"replies":[{"embeddable":true,"href":"https:\/\/novapaginaetsid.webs.upv.es\/index.php?rest_route=%2Fwp%2Fv2%2Fcomments&post=1340"}],"version-history":[{"count":21,"href":"https:\/\/novapaginaetsid.webs.upv.es\/index.php?rest_route=\/wp\/v2\/pages\/1340\/revisions"}],"predecessor-version":[{"id":4598,"href":"https:\/\/novapaginaetsid.webs.upv.es\/index.php?rest_route=\/wp\/v2\/pages\/1340\/revisions\/4598"}],"up":[{"embeddable":true,"href":"https:\/\/novapaginaetsid.webs.upv.es\/index.php?rest_route=\/wp\/v2\/pages\/93"}],"wp:attachment":[{"href":"https:\/\/novapaginaetsid.webs.upv.es\/index.php?rest_route=%2Fwp%2Fv2%2Fmedia&parent=1340"}],"curies":[{"name":"wp","href":"https:\/\/api.w.org\/{rel}","templated":true}]}}