
{"id":1820,"date":"2011-11-10T09:05:25","date_gmt":"2011-11-10T09:05:25","guid":{"rendered":"http:\/\/novapaginaetsid.webs.upv.es\/?page_id=1820"},"modified":"2015-10-28T13:01:01","modified_gmt":"2015-10-28T13:01:01","slug":"informacion-de-contacto","status":"publish","type":"page","link":"https:\/\/novapaginaetsid.webs.upv.es\/?page_id=1820","title":{"rendered":"Informaci\u00f3n de contacto"},"content":{"rendered":"<p><strong>Subdirector de Relaciones con la Empresa:<\/strong> Suitberto Cabrera Garc\u00eda<\/p>\n<ul>\n<li><strong>Escuela T\u00e9cnica Superior de Ingenier\u00eda del Dise\u00f1o<\/strong><\/li>\n<\/ul>\n<p>1\u00aa planta Ala Norte. Direcci\u00f3n<br \/>\nUniversitat Polit\u00e8cnica de Val\u00e8ncia<br \/>\nCamino de Vera 14<br \/>\n46022 Valencia<\/p>\n<p>Telf. +34 963 879 184.<br \/>\nFax. +34 963 879 180.<br \/>\nE-mail.: <a href=\"mailto:practicas@etsid.upv.es\"><span style=\"text-decoration: underline;\">practicas@etsid.upv.es<\/span><\/a><br \/>\n<a href=\"http:\/\/www.upv.es\/entidades\/ETSID\/\"><span style=\"text-decoration: underline;\">www.upv.es\/entidades\/ETSID<\/span><\/a><\/p>\n<p><strong>Horario de Atenci\u00f3n:<\/strong><\/p>\n<p>Ma\u00f1anas: de lunes a viernes de 12:30 a 14:30<br \/>\nTardes: martes y jueves de 16:30 a 19:00<\/p>\n<p><strong>Horario de Atenci\u00f3n durante el mes de julio:<\/strong><br \/>\nLunes a viernes de 12:30h a 14:30h<br \/>\nLunes y martes de 16h a 18:30h<\/p>\n","protected":false},"excerpt":{"rendered":"<p>Subdirector de Relaciones con la Empresa: Suitberto Cabrera Garc\u00eda Escuela T\u00e9cnica Superior de Ingenier\u00eda del Dise\u00f1o 1\u00aa planta Ala Norte. Direcci\u00f3n Universitat Polit\u00e8cnica de Val\u00e8ncia Camino de Vera 14 46022 Valencia Telf. +34 963 879 184. Fax. +34 963 879 &hellip; <a href=\"https:\/\/novapaginaetsid.webs.upv.es\/?page_id=1820\"><br \/>Continuar leyendo<\/a><\/p>\n","protected":false},"author":5,"featured_media":0,"parent":1039,"menu_order":0,"comment_status":"open","ping_status":"closed","template":"plantilla_relacionesempresas.php","meta":{"footnotes":""},"class_list":["post-1820","page","type-page","status-publish","hentry"],"_links":{"self":[{"href":"https:\/\/novapaginaetsid.webs.upv.es\/index.php?rest_route=\/wp\/v2\/pages\/1820","targetHints":{"allow":["GET"]}}],"collection":[{"href":"https:\/\/novapaginaetsid.webs.upv.es\/index.php?rest_route=\/wp\/v2\/pages"}],"about":[{"href":"https:\/\/novapaginaetsid.webs.upv.es\/index.php?rest_route=\/wp\/v2\/types\/page"}],"author":[{"embeddable":true,"href":"https:\/\/novapaginaetsid.webs.upv.es\/index.php?rest_route=\/wp\/v2\/users\/5"}],"replies":[{"embeddable":true,"href":"https:\/\/novapaginaetsid.webs.upv.es\/index.php?rest_route=%2Fwp%2Fv2%2Fcomments&post=1820"}],"version-history":[{"count":19,"href":"https:\/\/novapaginaetsid.webs.upv.es\/index.php?rest_route=\/wp\/v2\/pages\/1820\/revisions"}],"predecessor-version":[{"id":6367,"href":"https:\/\/novapaginaetsid.webs.upv.es\/index.php?rest_route=\/wp\/v2\/pages\/1820\/revisions\/6367"}],"up":[{"embeddable":true,"href":"https:\/\/novapaginaetsid.webs.upv.es\/index.php?rest_route=\/wp\/v2\/pages\/1039"}],"wp:attachment":[{"href":"https:\/\/novapaginaetsid.webs.upv.es\/index.php?rest_route=%2Fwp%2Fv2%2Fmedia&parent=1820"}],"curies":[{"name":"wp","href":"https:\/\/api.w.org\/{rel}","templated":true}]}}