
{"id":210,"date":"2011-05-13T09:14:27","date_gmt":"2011-05-13T09:14:27","guid":{"rendered":"http:\/\/porvalencia.es\/estid\/?page_id=210"},"modified":"2013-10-15T13:43:29","modified_gmt":"2013-10-15T13:43:29","slug":"grado-en-ingenieria-electrica","status":"publish","type":"page","link":"https:\/\/novapaginaetsid.webs.upv.es\/?page_id=210","title":{"rendered":"Grado en Ingenier\u00eda El\u00e9ctrica"},"content":{"rendered":"<p style=\"text-align: justify;\"><!-- p.p1 {margin: 0.0px 0.0px 0.0px 0.0px; font: 11.0px Arial; color: #ffffff} --><a href=\"http:\/\/www.porvalencia.es\/estid\/wp-content\/uploads\/2011\/05\/Electrica_icon.jpg\"><img loading=\"lazy\" decoding=\"async\" class=\"alignright size-full wp-image-569\" title=\"Electrica_icon\" src=\"http:\/\/www.porvalencia.es\/estid\/wp-content\/uploads\/2011\/05\/Electrica_icon.jpg\" alt=\"\" width=\"88\" height=\"86\" \/><\/a>El objetivo del Grado en Ingenier\u00eda El\u00e9ctrica es formar cient\u00edfica y t\u00e9cnicamene a profesionales que puedan satisfacer las necesidades de la industria y de la administraci\u00f3n p\u00fablica en el campo de la Ingenier\u00eda El\u00e9ctrica.<\/p>\n<h3><span style=\"color: #000000;\"><strong>\u00bfEn que consiste esta carrera?<\/strong> <\/span><\/h3>\n<p>Se desarrolla a lo largo de 4 cursos y 240 cr\u00e9ditos ects, distribuidos seg\u00fan el siguiente cuadro:<\/p>\n<hr \/>\n<p><span style=\"color: #000000;\"><strong>Formaci\u00f3n B\u00e1sica &gt; 60 etcs<\/strong><\/span><br \/>\nMatem\u00e1ticas<br \/>\nF\u00edsica<br \/>\nQu\u00edmica<br \/>\nExpresi\u00f3n Gr\u00e1fica<br \/>\nInform\u00e1tica<br \/>\nEmpresa<\/p>\n<hr \/>\n<p><strong><span style=\"color: #f8981d;\"><span style=\"color: #000000;\">Formaci\u00f3n Industrial &gt; 60 ects<\/span><br \/>\n<\/span><\/strong>Mec\u00e1nica y Materiales<br \/>\nTermodin\u00e1mica<br \/>\nMec\u00e1nica de Fluidos<br \/>\nTecnolog\u00eda El\u00e9ctrica<br \/>\nElectr\u00f3nica y Autom\u00e1tica<br \/>\nProducci\u00f3n Industrial y Gesti\u00f3n de Proyectos<\/p>\n<hr \/>\n<p><span style=\"color: #000000;\"><strong>Menciones &gt; 18 ects<\/strong><\/span><br \/>\nAccionamientos El\u00e9ctricos y Operaci\u00f3n Remota<br \/>\nInstalaciones El\u00e9ctricas Avanzadas<br \/>\nAutomatizaci\u00f3n Informatizaci\u00f3n Industrial<br \/>\nPrevenci\u00f3n de Riesgos Laborales<\/p>\n<hr \/>\n<p><span style=\"color: #000000;\"><strong>Tecnolog\u00eda Espec\u00edfica &gt; 60 ects<\/strong><\/span><br \/>\nDise\u00f1o y C\u00e1lculo de Instalaciones y M\u00e1quinas El\u00e9ctricas<br \/>\nProducci\u00f3n y Operaci\u00f3n de Energ\u00eda El\u00e9ctrica<br \/>\nElectr\u00f3nica y Automatizaci\u00f3n<\/p>\n<hr \/>\n<p><span style=\"color: #000000;\"><strong>Optatividad &gt; 30 ects<\/strong><\/span><br \/>\n<span style=\"color: #000000;\"><strong>Trabajo fin de carrera &gt; 12 ects<\/strong><\/span><\/p>\n<hr \/>\n","protected":false},"excerpt":{"rendered":"<p>El objetivo del Grado en Ingenier\u00eda El\u00e9ctrica es formar cient\u00edfica y t\u00e9cnicamene a profesionales que puedan satisfacer las necesidades de la industria y de la administraci\u00f3n p\u00fablica en el campo de la Ingenier\u00eda El\u00e9ctrica. \u00bfEn que consiste esta carrera? Se &hellip; <a href=\"https:\/\/novapaginaetsid.webs.upv.es\/?page_id=210\"><br \/>Continuar leyendo<\/a><\/p>\n","protected":false},"author":4,"featured_media":566,"parent":190,"menu_order":3,"comment_status":"open","ping_status":"closed","template":"plantilla_91.php","meta":{"footnotes":""},"class_list":["post-210","page","type-page","status-publish","has-post-thumbnail","hentry"],"_links":{"self":[{"href":"https:\/\/novapaginaetsid.webs.upv.es\/index.php?rest_route=\/wp\/v2\/pages\/210","targetHints":{"allow":["GET"]}}],"collection":[{"href":"https:\/\/novapaginaetsid.webs.upv.es\/index.php?rest_route=\/wp\/v2\/pages"}],"about":[{"href":"https:\/\/novapaginaetsid.webs.upv.es\/index.php?rest_route=\/wp\/v2\/types\/page"}],"author":[{"embeddable":true,"href":"https:\/\/novapaginaetsid.webs.upv.es\/index.php?rest_route=\/wp\/v2\/users\/4"}],"replies":[{"embeddable":true,"href":"https:\/\/novapaginaetsid.webs.upv.es\/index.php?rest_route=%2Fwp%2Fv2%2Fcomments&post=210"}],"version-history":[{"count":31,"href":"https:\/\/novapaginaetsid.webs.upv.es\/index.php?rest_route=\/wp\/v2\/pages\/210\/revisions"}],"predecessor-version":[{"id":4551,"href":"https:\/\/novapaginaetsid.webs.upv.es\/index.php?rest_route=\/wp\/v2\/pages\/210\/revisions\/4551"}],"up":[{"embeddable":true,"href":"https:\/\/novapaginaetsid.webs.upv.es\/index.php?rest_route=\/wp\/v2\/pages\/190"}],"wp:featuredmedia":[{"embeddable":true,"href":"https:\/\/novapaginaetsid.webs.upv.es\/index.php?rest_route=\/wp\/v2\/media\/566"}],"wp:attachment":[{"href":"https:\/\/novapaginaetsid.webs.upv.es\/index.php?rest_route=%2Fwp%2Fv2%2Fmedia&parent=210"}],"curies":[{"name":"wp","href":"https:\/\/api.w.org\/{rel}","templated":true}]}}