
{"id":212,"date":"2011-05-13T09:15:53","date_gmt":"2011-05-13T09:15:53","guid":{"rendered":"http:\/\/porvalencia.es\/estid\/?page_id=212"},"modified":"2013-10-15T13:43:31","modified_gmt":"2013-10-15T13:43:31","slug":"grado-en-ingenieria-electronica-industrial-y-automatica","status":"publish","type":"page","link":"https:\/\/novapaginaetsid.webs.upv.es\/?page_id=212","title":{"rendered":"Grado en Ingenier\u00eda Electr\u00f3nica Industrial y Autom\u00e1tica"},"content":{"rendered":"<p><a href=\"http:\/\/www.porvalencia.es\/estid\/wp-content\/uploads\/2011\/05\/electronica_icon1.jpg\"><img loading=\"lazy\" decoding=\"async\" class=\"alignright size-full wp-image-591\" title=\"electronica_icon\" src=\"http:\/\/www.porvalencia.es\/estid\/wp-content\/uploads\/2011\/05\/electronica_icon1.jpg\" alt=\"\" width=\"166\" height=\"79\" \/><\/a>El objetivo del Grado en Ingenier\u00eda Electr\u00f3nica Industrial y Autom\u00e1tica es formar cient\u00edfica y t\u00e9cnicamente a profesionales que puedan satisfacer las necesidades de la industria y de la Administraci\u00f3n P\u00fablica en el campo de la Electr\u00f3nica Industrial y Autom\u00e1tica.<\/p>\n<h3><span style=\"color: #000000;\"><strong>\u00bfEn que consiste esta carrera?<\/strong><\/span><\/h3>\n<p><strong><\/strong>Se desarrolla a lo largo de 4 cursos y 240 cr\u00e9ditos ects, distribuidos seg\u00fan el siguiente cuadro:<\/p>\n<hr \/>\n<p><strong><span style=\"color: #f8981d;\"><span style=\"color: #000000;\">Formaci\u00f3n B\u00e1sica &gt; 60 etcs<\/span><br \/>\n<\/span><\/strong>Matem\u00e1ticas<br \/>\nF\u00edsica<br \/>\nQu\u00edmica<br \/>\nExpresi\u00f3n Gr\u00e1fica<br \/>\nInform\u00e1tica<br \/>\nEmpresa<\/p>\n<hr \/>\n<p><span style=\"color: #000000;\"><strong>Formaci\u00f3n Industrial &gt; 60 ects<\/strong><\/span><br \/>\nMec\u00e1nica y Materiales<br \/>\nTermodin\u00e1mica<br \/>\nMec\u00e1nica de Fluidos<br \/>\nTecnolog\u00eda El\u00e9ctrica<br \/>\nElectr\u00f3nica y Autom\u00e1tica<br \/>\nProducci\u00f3n Industrial y Gesti\u00f3n de Proyectos<\/p>\n<hr \/>\n<p><span style=\"color: #000000;\"><strong>Menciones &gt; 18 ects<\/strong><\/span><br \/>\nAutom\u00e1tica<br \/>\nElectr\u00f3nica<br \/>\nInform\u00e1tica Industrial El\u00e9ctrica<\/p>\n<hr \/>\n<p><span style=\"color: #000000;\"><strong>Tecnolog\u00eda Espec\u00edfica &gt; 60 ects<\/strong><\/span><br \/>\nAutom\u00e1tica Industrial<br \/>\nElectr\u00f3nica Industrial<br \/>\nInform\u00e1tica Industrial<br \/>\nTecnolog\u00eda Espec\u00edfica<\/p>\n<hr \/>\n<p><span style=\"color: #000000;\"><strong>Optatividad &gt; 30 ects<\/strong><\/span><br \/>\n<span style=\"color: #000000;\"><strong>Trabajo fin de carrera &gt; 12 ects<\/strong><\/span><\/p>\n<hr \/>\n<hr \/>\n","protected":false},"excerpt":{"rendered":"<p>El objetivo del Grado en Ingenier\u00eda Electr\u00f3nica Industrial y Autom\u00e1tica es formar cient\u00edfica y t\u00e9cnicamente a profesionales que puedan satisfacer las necesidades de la industria y de la Administraci\u00f3n P\u00fablica en el campo de la Electr\u00f3nica Industrial y Autom\u00e1tica. \u00bfEn &hellip; <a href=\"https:\/\/novapaginaetsid.webs.upv.es\/?page_id=212\"><br \/>Continuar leyendo<\/a><\/p>\n","protected":false},"author":4,"featured_media":0,"parent":190,"menu_order":4,"comment_status":"open","ping_status":"closed","template":"plantilla_101.php","meta":{"footnotes":""},"class_list":["post-212","page","type-page","status-publish","hentry"],"_links":{"self":[{"href":"https:\/\/novapaginaetsid.webs.upv.es\/index.php?rest_route=\/wp\/v2\/pages\/212","targetHints":{"allow":["GET"]}}],"collection":[{"href":"https:\/\/novapaginaetsid.webs.upv.es\/index.php?rest_route=\/wp\/v2\/pages"}],"about":[{"href":"https:\/\/novapaginaetsid.webs.upv.es\/index.php?rest_route=\/wp\/v2\/types\/page"}],"author":[{"embeddable":true,"href":"https:\/\/novapaginaetsid.webs.upv.es\/index.php?rest_route=\/wp\/v2\/users\/4"}],"replies":[{"embeddable":true,"href":"https:\/\/novapaginaetsid.webs.upv.es\/index.php?rest_route=%2Fwp%2Fv2%2Fcomments&post=212"}],"version-history":[{"count":27,"href":"https:\/\/novapaginaetsid.webs.upv.es\/index.php?rest_route=\/wp\/v2\/pages\/212\/revisions"}],"predecessor-version":[{"id":4552,"href":"https:\/\/novapaginaetsid.webs.upv.es\/index.php?rest_route=\/wp\/v2\/pages\/212\/revisions\/4552"}],"up":[{"embeddable":true,"href":"https:\/\/novapaginaetsid.webs.upv.es\/index.php?rest_route=\/wp\/v2\/pages\/190"}],"wp:attachment":[{"href":"https:\/\/novapaginaetsid.webs.upv.es\/index.php?rest_route=%2Fwp%2Fv2%2Fmedia&parent=212"}],"curies":[{"name":"wp","href":"https:\/\/api.w.org\/{rel}","templated":true}]}}