
{"id":2128,"date":"2011-12-01T10:52:26","date_gmt":"2011-12-01T10:52:26","guid":{"rendered":"http:\/\/www.etsid.upv.es\/?page_id=2128"},"modified":"2016-10-17T07:11:49","modified_gmt":"2016-10-17T07:11:49","slug":"secretaria","status":"publish","type":"page","link":"https:\/\/novapaginaetsid.webs.upv.es\/?page_id=2128","title":{"rendered":"Secretar\u00eda"},"content":{"rendered":"<h3><strong>Horario y Contacto<\/strong><\/h3>\n<hr \/>\n<p><strong>Horario de atenci\u00f3n ordinario:<\/strong> * Ma\u00f1anas: Lunes a Viernes de 11:00 a 13:00 h. * Tardes: Lunes y Mi\u00e9rcoles de 16:00 a 18:00 h.<\/p>\n<p><strong>Horarios especiales:<\/strong> * Del 16 de junio al 31 de julio no habr\u00e1 horario de tarde. Agosto cerrado.<\/p>\n<p><strong>Contacto:\u00a0<span style=\"color: #0000ff;\"><a href=\"mailto:secretaria@etsid.upv.es\"><span style=\"color: #0000ff;\">secretaria@etsid.upv.es<\/span><\/a><\/span><\/strong><\/p>\n<table width=\"450\">\n<tbody>\n<tr>\n<th style=\"text-align: left;\">Externo<\/th>\n<th style=\"text-align: left;\">Extensi\u00f3n<\/th>\n<\/tr>\n<tr>\n<td>+34 963 879 181<\/td>\n<td>79181<\/td>\n<\/tr>\n<tr>\n<td>+34 963 877 182<\/td>\n<td><\/td>\n<\/tr>\n<tr>\n<td><\/td>\n<td><\/td>\n<\/tr>\n<tr>\n<td>* Ubicaci\u00f3n: 1\u00aa Planta ALA SUR (ETSID)<\/td>\n<\/tr>\n<\/tbody>\n<\/table>\n<hr \/>\n<h3><strong>Solicitudes e Instancias<br \/>\n<\/strong><\/h3>\n<p><span style=\"text-decoration: underline;\"><a href=\"\/wp-content\/uploads\/2016\/instancia_general_secre_etsidv2.pdf\" target=\"_blank\">Instancia general<\/a><\/span><\/p>\n<p><span style=\"text-decoration: underline;\"><a href=\"\/wp-content\/uploads\/2014\/secretaria\/Solicitud%20baja de matricula fuera de plazo.pdf\" target=\"_blank\">Solicitud baja de matr\u00edcula fuera de plazo<\/a><\/span><\/p>\n<p><span style=\"text-decoration: underline;\"><a href=\"\/wp-content\/uploads\/estudiantes\/secretaria\/instancias\/autorizacion_tramites_secre_etsid.pdf\" target=\"_blank\">Autorizaci\u00f3n para realizar tr\u00e1mites en secretar\u00eda<\/a><\/span><\/p>\n<p><span style=\"text-decoration: underline;\"><a href=\"\/wp-content\/uploads\/estudiantes\/secretaria\/instancias\/solicitud_certificados_secre_etsid.pdf\" target=\"_blank\">Solicitud de Certificados<\/a><\/span><\/p>\n<p><span style=\"text-decoration: underline;\"><a href=\"\/wp-content\/uploads\/2014\/FORMULARIO DEPOSITO TESIS MASTER.pdf\" target=\"_blank\">Formulario Dep\u00f3sito T\u00e9sis M\u00e1ster<\/a><\/span><\/p>\n<hr \/>\n<h3><strong>Procesos<\/strong><\/h3>\n<p><a href=\"http:\/\/www.etsid.upv.es\/?page_id=2146\"><span style=\"text-decoration: underline;\">Reintegro de Tasas<\/span><\/a><\/p>\n<p><a href=\"http:\/\/www.etsid.upv.es\/?page_id=2150\"><span style=\"text-decoration: underline;\">Solicitud de T\u00edtulos<\/span><\/a><\/p>\n<p><a href=\"http:\/\/www.etsid.upv.es\/?page_id=29\"><span style=\"text-decoration: underline;\">Trabajo Fin de Grado<\/span><\/a><\/p>\n<p><a href=\"http:\/\/www.etsid.upv.es\/?page_id=3549\"><span style=\"text-decoration: underline;\">Simultaneidad de Estudios<\/span><\/a><\/p>\n<p><span style=\"text-decoration: underline;\"><a href=\"http:\/\/www.upv.es\/entidades\/SA\/ciclos\/528839normalc.html\">Evaluaci\u00f3n por Curriculum (Grados y M\u00e1steres)<\/a><\/span><\/p>\n<p><span style=\"text-decoration: underline;\"><a href=\"http:\/\/www.upv.es\/entidades\/SA\/ciclos\/529789normalc.html\">Homologaci\u00f3n T\u00edtulos Extranjeros <\/a><\/span><\/p>\n<p><span style=\"text-decoration: underline;\"><a href=\"http:\/\/www.etsid.upv.es\/wp-content\/uploads\/2015\/SECRETARIA\/solicitud ACTIVIDADES Universitarias GRADOV5.pdf\">Solicitud de Reconocimiento de Cr\u00e9ditos por Actividades (Grado)<\/a><\/span><\/p>\n<p>&nbsp;<\/p>\n<hr \/>\n","protected":false},"excerpt":{"rendered":"<p>Horario y Contacto Horario de atenci\u00f3n ordinario: * Ma\u00f1anas: Lunes a Viernes de 11:00 a 13:00 h. * Tardes: Lunes y Mi\u00e9rcoles de 16:00 a 18:00 h. Horarios especiales: * Del 16 de junio al 31 de julio no habr\u00e1 &hellip; <a href=\"https:\/\/novapaginaetsid.webs.upv.es\/?page_id=2128\"><br \/>Continuar leyendo<\/a><\/p>\n","protected":false},"author":5,"featured_media":0,"parent":93,"menu_order":1,"comment_status":"open","ping_status":"closed","template":"plantilla_estudiantes.php","meta":{"footnotes":""},"class_list":["post-2128","page","type-page","status-publish","hentry"],"_links":{"self":[{"href":"https:\/\/novapaginaetsid.webs.upv.es\/index.php?rest_route=\/wp\/v2\/pages\/2128","targetHints":{"allow":["GET"]}}],"collection":[{"href":"https:\/\/novapaginaetsid.webs.upv.es\/index.php?rest_route=\/wp\/v2\/pages"}],"about":[{"href":"https:\/\/novapaginaetsid.webs.upv.es\/index.php?rest_route=\/wp\/v2\/types\/page"}],"author":[{"embeddable":true,"href":"https:\/\/novapaginaetsid.webs.upv.es\/index.php?rest_route=\/wp\/v2\/users\/5"}],"replies":[{"embeddable":true,"href":"https:\/\/novapaginaetsid.webs.upv.es\/index.php?rest_route=%2Fwp%2Fv2%2Fcomments&post=2128"}],"version-history":[{"count":86,"href":"https:\/\/novapaginaetsid.webs.upv.es\/index.php?rest_route=\/wp\/v2\/pages\/2128\/revisions"}],"predecessor-version":[{"id":6802,"href":"https:\/\/novapaginaetsid.webs.upv.es\/index.php?rest_route=\/wp\/v2\/pages\/2128\/revisions\/6802"}],"up":[{"embeddable":true,"href":"https:\/\/novapaginaetsid.webs.upv.es\/index.php?rest_route=\/wp\/v2\/pages\/93"}],"wp:attachment":[{"href":"https:\/\/novapaginaetsid.webs.upv.es\/index.php?rest_route=%2Fwp%2Fv2%2Fmedia&parent=2128"}],"curies":[{"name":"wp","href":"https:\/\/api.w.org\/{rel}","templated":true}]}}