
{"id":215,"date":"2011-05-13T09:16:29","date_gmt":"2011-05-13T09:16:29","guid":{"rendered":"http:\/\/porvalencia.es\/estid\/?page_id=215"},"modified":"2013-10-15T13:43:32","modified_gmt":"2013-10-15T13:43:32","slug":"grado-en-ingenieria-mecanica","status":"publish","type":"page","link":"https:\/\/novapaginaetsid.webs.upv.es\/?page_id=215","title":{"rendered":"Grado en Ingenier\u00eda Mec\u00e1nica"},"content":{"rendered":"<p><a href=\"http:\/\/www.porvalencia.es\/estid\/wp-content\/uploads\/2011\/05\/mecanica-icon.jpg\"><img loading=\"lazy\" decoding=\"async\" class=\"alignright size-full wp-image-600\" title=\"mecanica icon\" src=\"http:\/\/www.porvalencia.es\/estid\/wp-content\/uploads\/2011\/05\/mecanica-icon.jpg\" alt=\"\" width=\"83\" height=\"79\" \/><\/a>El objetivo del Grado en Ingenier\u00eda Mec\u00e1nica es formar cient\u00edfica y t\u00e9cnicamente a profesionales que puedan satisfacer las necesidades de la industria y de la Administraci\u00f3n P\u00fablica en el campo de la Ingenier\u00eda Mec\u00e1nica.<\/p>\n<h3><span style=\"color: #000000;\"><strong>\u00bfEn que consiste esta carrera? <\/strong><\/span><\/h3>\n<p>Se desarrolla a lo largo de 4 cursos y 240 cr\u00e9ditos ects, distribuidos seg\u00fan el siguiente cuadro:<\/p>\n<hr \/>\n<p><span style=\"color: #000000;\"><strong>Formaci\u00f3n B\u00e1sica &gt; 60 etcs<\/strong><\/span><br \/>\nMatem\u00e1ticas<br \/>\nF\u00edsica<br \/>\nQu\u00edmica<br \/>\nExpresi\u00f3n Gr\u00e1fica<br \/>\nInform\u00e1tica<br \/>\nEmpresa<\/p>\n<hr \/>\n<p><span style=\"color: #000000;\"><strong>Formaci\u00f3n Industrial &gt; 60 ects<\/strong><\/span><br \/>\nMec\u00e1nica y Materiales<br \/>\nTermodin\u00e1mica<br \/>\nMec\u00e1nica de Fluidos<br \/>\nTecnolog\u00eda El\u00e9ctrica<br \/>\nElectr\u00f3nica y Autom\u00e1tica<br \/>\nProducci\u00f3n Industrial y Gesti\u00f3n\u00a0de Proyectos<\/p>\n<hr \/>\n<p><span style=\"color: #000000;\"><strong>Menciones &gt; 18 ects<\/strong><\/span><br \/>\nDise\u00f1o Estructural<br \/>\nDise\u00f1o de M\u00e1quinas<br \/>\nTecnolog\u00eda T\u00e9rmica<br \/>\nFr\u00edo y Climatizaci\u00f3n<\/p>\n<hr \/>\n<p><span style=\"color: #000000;\"><strong>Tecnolog\u00eda Espec\u00edfica &gt; 60 ects<\/strong><\/span><br \/>\nIng. Mec\u00e1nica y Materiales<br \/>\nIng. T\u00e9rmica y de Fluidos<br \/>\nEstructuras<\/p>\n<hr \/>\n<p><span style=\"color: #000000;\"><strong>Optatividad &gt; 30 ects<\/strong><\/span><br \/>\n<span style=\"color: #000000;\"><strong>Trabajo fin de carrera &gt; 12 ects<\/strong><\/span><\/p>\n<hr \/>\n","protected":false},"excerpt":{"rendered":"<p>El objetivo del Grado en Ingenier\u00eda Mec\u00e1nica es formar cient\u00edfica y t\u00e9cnicamente a profesionales que puedan satisfacer las necesidades de la industria y de la Administraci\u00f3n P\u00fablica en el campo de la Ingenier\u00eda Mec\u00e1nica. \u00bfEn que consiste esta carrera? Se &hellip; <a href=\"https:\/\/novapaginaetsid.webs.upv.es\/?page_id=215\"><br \/>Continuar leyendo<\/a><\/p>\n","protected":false},"author":4,"featured_media":0,"parent":190,"menu_order":5,"comment_status":"open","ping_status":"closed","template":"plantilla_111ingenieriamecanica.php","meta":{"footnotes":""},"class_list":["post-215","page","type-page","status-publish","hentry"],"_links":{"self":[{"href":"https:\/\/novapaginaetsid.webs.upv.es\/index.php?rest_route=\/wp\/v2\/pages\/215","targetHints":{"allow":["GET"]}}],"collection":[{"href":"https:\/\/novapaginaetsid.webs.upv.es\/index.php?rest_route=\/wp\/v2\/pages"}],"about":[{"href":"https:\/\/novapaginaetsid.webs.upv.es\/index.php?rest_route=\/wp\/v2\/types\/page"}],"author":[{"embeddable":true,"href":"https:\/\/novapaginaetsid.webs.upv.es\/index.php?rest_route=\/wp\/v2\/users\/4"}],"replies":[{"embeddable":true,"href":"https:\/\/novapaginaetsid.webs.upv.es\/index.php?rest_route=%2Fwp%2Fv2%2Fcomments&post=215"}],"version-history":[{"count":22,"href":"https:\/\/novapaginaetsid.webs.upv.es\/index.php?rest_route=\/wp\/v2\/pages\/215\/revisions"}],"predecessor-version":[{"id":4553,"href":"https:\/\/novapaginaetsid.webs.upv.es\/index.php?rest_route=\/wp\/v2\/pages\/215\/revisions\/4553"}],"up":[{"embeddable":true,"href":"https:\/\/novapaginaetsid.webs.upv.es\/index.php?rest_route=\/wp\/v2\/pages\/190"}],"wp:attachment":[{"href":"https:\/\/novapaginaetsid.webs.upv.es\/index.php?rest_route=%2Fwp%2Fv2%2Fmedia&parent=215"}],"curies":[{"name":"wp","href":"https:\/\/api.w.org\/{rel}","templated":true}]}}