
{"id":221,"date":"2011-05-13T09:27:36","date_gmt":"2011-05-13T09:27:36","guid":{"rendered":"http:\/\/porvalencia.es\/estid\/?page_id=221"},"modified":"2013-11-13T10:01:56","modified_gmt":"2013-11-13T10:01:56","slug":"programas-de-doctorado","status":"publish","type":"page","link":"https:\/\/novapaginaetsid.webs.upv.es\/?page_id=221","title":{"rendered":"Programas de Doctorado"},"content":{"rendered":"<p>&nbsp;<\/p>\n<hr \/>\n<p><a href=\"http:\/\/www.upv.es\/entidades\/EDOCTORADO\/info\/854932normalc.html\" target=\"_blank\">Programa de Doctorado en Dise\u00f1o, Fabricaci\u00f3n y Gesti\u00f3n de Proyectos Industriales<\/a><\/p>\n<p>M\u00e1s informaci\u00f3n<a href=\"http:\/\/www.dfgpi.upv.es\/\" target=\"_blank\"> http:\/\/www.dfgpi.upv.es\/<\/a><\/p>\n<hr \/>\n","protected":false},"excerpt":{"rendered":"<p>&nbsp; Programa de Doctorado en Dise\u00f1o, Fabricaci\u00f3n y Gesti\u00f3n de Proyectos Industriales M\u00e1s informaci\u00f3n http:\/\/www.dfgpi.upv.es\/<\/p>\n","protected":false},"author":4,"featured_media":0,"parent":190,"menu_order":7,"comment_status":"open","ping_status":"closed","template":"plantilla_programadoctorado.php","meta":{"footnotes":""},"class_list":["post-221","page","type-page","status-publish","hentry"],"_links":{"self":[{"href":"https:\/\/novapaginaetsid.webs.upv.es\/index.php?rest_route=\/wp\/v2\/pages\/221","targetHints":{"allow":["GET"]}}],"collection":[{"href":"https:\/\/novapaginaetsid.webs.upv.es\/index.php?rest_route=\/wp\/v2\/pages"}],"about":[{"href":"https:\/\/novapaginaetsid.webs.upv.es\/index.php?rest_route=\/wp\/v2\/types\/page"}],"author":[{"embeddable":true,"href":"https:\/\/novapaginaetsid.webs.upv.es\/index.php?rest_route=\/wp\/v2\/users\/4"}],"replies":[{"embeddable":true,"href":"https:\/\/novapaginaetsid.webs.upv.es\/index.php?rest_route=%2Fwp%2Fv2%2Fcomments&post=221"}],"version-history":[{"count":13,"href":"https:\/\/novapaginaetsid.webs.upv.es\/index.php?rest_route=\/wp\/v2\/pages\/221\/revisions"}],"predecessor-version":[{"id":4998,"href":"https:\/\/novapaginaetsid.webs.upv.es\/index.php?rest_route=\/wp\/v2\/pages\/221\/revisions\/4998"}],"up":[{"embeddable":true,"href":"https:\/\/novapaginaetsid.webs.upv.es\/index.php?rest_route=\/wp\/v2\/pages\/190"}],"wp:attachment":[{"href":"https:\/\/novapaginaetsid.webs.upv.es\/index.php?rest_route=%2Fwp%2Fv2%2Fmedia&parent=221"}],"curies":[{"name":"wp","href":"https:\/\/api.w.org\/{rel}","templated":true}]}}