
{"id":274,"date":"2011-05-17T09:31:23","date_gmt":"2011-05-17T09:31:23","guid":{"rendered":"http:\/\/www.porvalencia.es\/estid\/?page_id=274"},"modified":"2015-10-22T07:12:51","modified_gmt":"2015-10-22T07:12:51","slug":"personal","status":"publish","type":"page","link":"https:\/\/novapaginaetsid.webs.upv.es\/?page_id=274","title":{"rendered":"Personal"},"content":{"rendered":"<p><strong>Servicio de Recursos Humanos UPV<br \/>\n<\/strong><\/p>\n<p>El Servicio de Recursos Humanos es el encargado de planificar y ejecutar los procesos de selecci\u00f3n y provisi\u00f3n de puestos de trabajo, gestionando el nombramiento y contrataci\u00f3n de todo el personal y de los becarios de investigaci\u00f3n, el pago de retribuciones y seguros sociales, as\u00ed como todas las incidencias que afecten a la vida laboral del mismo. Tambi\u00e9n gestiona la formaci\u00f3n del Personal de Administraci\u00f3n y Servicios y las ayudas de Acci\u00f3n Social del personal. Y todo ello al objeto de dotar a la organizaci\u00f3n de los recursos humanos necesarios, a trav\u00e9s de una actuaci\u00f3n profesionalizada que redunde en una mayor eficiencia y eficacia en la gesti\u00f3n de la Universidad, posibilitando as\u00ed mismo el desarrollo profesional y personal de los mismos.<\/p>\n<p>Informaci\u00f3n sobre:<\/p>\n<ul>\n<li><span style=\"text-decoration: underline;\"><a title=\"docente\" href=\"http:\/\/www.upv.es\/entidades\/SRH\/pdi\/579824normalc.html\" target=\"_blank\">Personal Docente<\/a><\/span><\/li>\n<li><span style=\"text-decoration: underline;\"><a title=\"investigaci\u00f3n\" href=\"http:\/\/www.upv.es\/entidades\/SRH\/conypi\/590724normalc.html\" target=\"_blank\">Personal de Investigaci\u00f3n<\/a><\/span><\/li>\n<li><span style=\"text-decoration: underline;\"><a title=\"PAS\" href=\"http:\/\/www.upv.es\/entidades\/SRH\/pas\/676956normalc.html\" target=\"_blank\">Personal de Administraci\u00f3n y Servicios<\/a><\/span><\/li>\n<\/ul>\n","protected":false},"excerpt":{"rendered":"<p>Servicio de Recursos Humanos UPV El Servicio de Recursos Humanos es el encargado de planificar y ejecutar los procesos de selecci\u00f3n y provisi\u00f3n de puestos de trabajo, gestionando el nombramiento y contrataci\u00f3n de todo el personal y de los becarios &hellip; <a href=\"https:\/\/novapaginaetsid.webs.upv.es\/?page_id=274\"><br \/>Continuar leyendo<\/a><\/p>\n","protected":false},"author":4,"featured_media":0,"parent":0,"menu_order":4,"comment_status":"closed","ping_status":"closed","template":"","meta":{"footnotes":""},"class_list":["post-274","page","type-page","status-publish","hentry"],"_links":{"self":[{"href":"https:\/\/novapaginaetsid.webs.upv.es\/index.php?rest_route=\/wp\/v2\/pages\/274","targetHints":{"allow":["GET"]}}],"collection":[{"href":"https:\/\/novapaginaetsid.webs.upv.es\/index.php?rest_route=\/wp\/v2\/pages"}],"about":[{"href":"https:\/\/novapaginaetsid.webs.upv.es\/index.php?rest_route=\/wp\/v2\/types\/page"}],"author":[{"embeddable":true,"href":"https:\/\/novapaginaetsid.webs.upv.es\/index.php?rest_route=\/wp\/v2\/users\/4"}],"replies":[{"embeddable":true,"href":"https:\/\/novapaginaetsid.webs.upv.es\/index.php?rest_route=%2Fwp%2Fv2%2Fcomments&post=274"}],"version-history":[{"count":17,"href":"https:\/\/novapaginaetsid.webs.upv.es\/index.php?rest_route=\/wp\/v2\/pages\/274\/revisions"}],"predecessor-version":[{"id":302,"href":"https:\/\/novapaginaetsid.webs.upv.es\/index.php?rest_route=\/wp\/v2\/pages\/274\/revisions\/302"}],"wp:attachment":[{"href":"https:\/\/novapaginaetsid.webs.upv.es\/index.php?rest_route=%2Fwp%2Fv2%2Fmedia&parent=274"}],"curies":[{"name":"wp","href":"https:\/\/api.w.org\/{rel}","templated":true}]}}