
{"id":29,"date":"2011-05-09T18:44:59","date_gmt":"2011-05-09T18:44:59","guid":{"rendered":"http:\/\/porvalencia.es\/estid\/?page_id=29"},"modified":"2015-07-07T10:04:29","modified_gmt":"2015-07-07T10:04:29","slug":"titulaciones-de-grado","status":"publish","type":"page","link":"https:\/\/novapaginaetsid.webs.upv.es\/?page_id=29","title":{"rendered":"Titulaciones de Grado"},"content":{"rendered":"<p><strong>Titulaciones<\/strong><\/p>\n<ul>\n<li>\n<div class=\"titulaciones\"><span style=\"text-decoration: underline;\"><a href=\"http:\/\/www.upv.es\/titulaciones\/GIA\/indexc.html\" target=\"_blank\">Grado en Ingenier\u00eda Aeroespacial<\/a><\/span><\/div>\n<\/li>\n<li>\n<div class=\"titulaciones\"><span style=\"text-decoration: underline;\"><a href=\"http:\/\/www.upv.es\/titulaciones\/GIDIDP\/\" target=\"_blank\">Grado en Ingenier\u00eda en Dise\u00f1o Industrial y Desarrollo de Productos<\/a><\/span><\/div>\n<\/li>\n<li>\n<div class=\"titulaciones\"><span style=\"text-decoration: underline;\"><a href=\"http:\/\/www.upv.es\/titulaciones\/GIEL\/indexc.html\" target=\"_blank\">Grado en Ingenier\u00eda El\u00e9ctrica<\/a><\/span><\/div>\n<\/li>\n<li>\n<div class=\"titulaciones\"><span style=\"text-decoration: underline;\"><a href=\"http:\/\/www.upv.es\/titulaciones\/GIEIA\/indexc.html\" target=\"_blank\">Grado en Ingenier\u00eda Electr\u00f3nica Industrial y Autom\u00e1tica<\/a><\/span><\/div>\n<\/li>\n<li>\n<div class=\"titulaciones\"><span style=\"text-decoration: underline;\"><a href=\"http:\/\/www.upv.es\/titulaciones\/GIM\/indexc.html\" target=\"_blank\">Grado en Ingenier\u00eda Mec\u00e1nica<\/a><\/span><\/div>\n<\/li>\n<\/ul>\n<hr \/>\n<p><strong>Folletos de Plan de Estudios Grados<\/strong><\/p>\n<ul>\n<li><span style=\"text-decoration: underline;\"><a href=\"http:\/\/www.etsid.upv.es\/wp-content\/uploads\/2015\/DIPTICOS\/Folleto%20Aeroespacial.pdf\" target=\"_blank\">Grado en Ingenier\u00eda Aeroespacial<\/a><\/span><\/li>\n<li><span style=\"text-decoration: underline;\"><a href=\"http:\/\/www.etsid.upv.es\/wp-content\/uploads\/2015\/DIPTICOS\/Folleto%20Disenyo.pdf\" target=\"_blank\">Grado en Ingenier\u00eda en Dise\u00f1o Industrial y Desarrollo de Productos<\/a><\/span><\/li>\n<li><span style=\"text-decoration: underline;\"><a href=\"http:\/\/www.etsid.upv.es\/wp-content\/uploads\/2015\/DIPTICOS\/Folleto%20Electrica.pdf\" target=\"_blank\">Grado en Ingenier\u00eda El\u00e9ctrica<\/a><\/span><\/li>\n<li><span style=\"text-decoration: underline;\"><a href=\"http:\/\/www.etsid.upv.es\/wp-content\/uploads\/2015\/DIPTICOS\/Folleto%20Electronica.pdf\" target=\"_blank\">Grado en Ingenier\u00eda Electr\u00f3nica Industrial y Autom\u00e1tica<\/a><\/span><\/li>\n<li><span style=\"text-decoration: underline;\"><a href=\"http:\/\/www.etsid.upv.es\/wp-content\/uploads\/2015\/DIPTICOS\/Folleto%20Mecanica.pdf\" target=\"_blank\">Grado en Ingenier\u00eda Mec\u00e1nica<\/a><\/span><\/li>\n<\/ul>\n<hr \/>\n<p><strong>Trabajo de Fin de Grado<br \/>\n<\/strong><\/p>\n<ul>\n<li><span style=\"text-decoration: underline;\"><a title=\"Oferta Curso 2013-14\" href=\"http:\/\/www.etsid.upv.es\/?page_id=4312\">Trabajo de Fin de Grado<\/a><\/span><\/li>\n<\/ul>\n<p>&nbsp;<\/p>\n","protected":false},"excerpt":{"rendered":"<p>Titulaciones Grado en Ingenier\u00eda Aeroespacial Grado en Ingenier\u00eda en Dise\u00f1o Industrial y Desarrollo de Productos Grado en Ingenier\u00eda El\u00e9ctrica Grado en Ingenier\u00eda Electr\u00f3nica Industrial y Autom\u00e1tica Grado en Ingenier\u00eda Mec\u00e1nica Folletos de Plan de Estudios Grados Grado en Ingenier\u00eda Aeroespacial &hellip; <a href=\"https:\/\/novapaginaetsid.webs.upv.es\/?page_id=29\"><br \/>Continuar leyendo<\/a><\/p>\n","protected":false},"author":4,"featured_media":0,"parent":27,"menu_order":2,"comment_status":"open","ping_status":"closed","template":"plantilla_1.2.titulacionesantiguas.php","meta":{"footnotes":""},"class_list":["post-29","page","type-page","status-publish","hentry"],"_links":{"self":[{"href":"https:\/\/novapaginaetsid.webs.upv.es\/index.php?rest_route=\/wp\/v2\/pages\/29","targetHints":{"allow":["GET"]}}],"collection":[{"href":"https:\/\/novapaginaetsid.webs.upv.es\/index.php?rest_route=\/wp\/v2\/pages"}],"about":[{"href":"https:\/\/novapaginaetsid.webs.upv.es\/index.php?rest_route=\/wp\/v2\/types\/page"}],"author":[{"embeddable":true,"href":"https:\/\/novapaginaetsid.webs.upv.es\/index.php?rest_route=\/wp\/v2\/users\/4"}],"replies":[{"embeddable":true,"href":"https:\/\/novapaginaetsid.webs.upv.es\/index.php?rest_route=%2Fwp%2Fv2%2Fcomments&post=29"}],"version-history":[{"count":107,"href":"https:\/\/novapaginaetsid.webs.upv.es\/index.php?rest_route=\/wp\/v2\/pages\/29\/revisions"}],"predecessor-version":[{"id":6011,"href":"https:\/\/novapaginaetsid.webs.upv.es\/index.php?rest_route=\/wp\/v2\/pages\/29\/revisions\/6011"}],"up":[{"embeddable":true,"href":"https:\/\/novapaginaetsid.webs.upv.es\/index.php?rest_route=\/wp\/v2\/pages\/27"}],"wp:attachment":[{"href":"https:\/\/novapaginaetsid.webs.upv.es\/index.php?rest_route=%2Fwp%2Fv2%2Fmedia&parent=29"}],"curies":[{"name":"wp","href":"https:\/\/api.w.org\/{rel}","templated":true}]}}