
{"id":3501,"date":"2012-07-19T07:20:50","date_gmt":"2012-07-19T07:20:50","guid":{"rendered":"http:\/\/www.etsid.upv.es\/?page_id=3501"},"modified":"2016-03-10T08:55:00","modified_gmt":"2016-03-10T08:55:00","slug":"continuacion-de-estudios-traslados","status":"publish","type":"page","link":"https:\/\/novapaginaetsid.webs.upv.es\/?page_id=3501","title":{"rendered":"Continuaci\u00f3n de estudios (traslados)"},"content":{"rendered":"<p><a href=\"http:\/\/www.upv.es\/entidades\/SA\/ciclos\/528248normalc.html\" target=\"_blank\">Informaci\u00f3n General<\/a><\/p>\n<p><a href=\"\/wp-content\/uploads\/2014\/secretaria\/3. PROCEDIMIENTO DE TRASLADOS.pdf\">Procedimiento traslados<\/a><\/p>\n<p><a href=\"\/wp-content\/uploads\/2014\/secretaria\/BAREMO A APLICAR EN LA CONTINUACION DE ESTUDIOS POR TRASLADO DE EXPEDIENTE.pdf\">Baremo Continuaci\u00f3n de estudios por traslado de expedientes<\/a><\/p>\n<p>&nbsp;<\/p>\n<p><strong>Plazo Ordinario<\/strong><\/p>\n<p>Matr\u00edcula<\/p>\n<p style=\"padding-left: 30px;\"><a href=\"\/wp-content\/uploads\/2016\/secretaria\/cont estudios\/C.Estudios matricula - plazo ordinario.pdf\">Alumnos admitidos<\/a><\/p>\n<p style=\"padding-left: 30px;\"><a href=\"\/wp-content\/uploads\/2016\/secretaria\/cont estudios\/C.Estudios matricula - lista de espera.pdf\">Alumnos Lista de Espera<\/a><\/p>\n<p>&nbsp;<\/p>\n","protected":false},"excerpt":{"rendered":"<p>Informaci\u00f3n General Procedimiento traslados Baremo Continuaci\u00f3n de estudios por traslado de expedientes &nbsp; Plazo Ordinario Matr\u00edcula Alumnos admitidos Alumnos Lista de Espera &nbsp;<\/p>\n","protected":false},"author":7,"featured_media":0,"parent":93,"menu_order":0,"comment_status":"open","ping_status":"closed","template":"","meta":{"footnotes":""},"class_list":["post-3501","page","type-page","status-publish","hentry"],"_links":{"self":[{"href":"https:\/\/novapaginaetsid.webs.upv.es\/index.php?rest_route=\/wp\/v2\/pages\/3501","targetHints":{"allow":["GET"]}}],"collection":[{"href":"https:\/\/novapaginaetsid.webs.upv.es\/index.php?rest_route=\/wp\/v2\/pages"}],"about":[{"href":"https:\/\/novapaginaetsid.webs.upv.es\/index.php?rest_route=\/wp\/v2\/types\/page"}],"author":[{"embeddable":true,"href":"https:\/\/novapaginaetsid.webs.upv.es\/index.php?rest_route=\/wp\/v2\/users\/7"}],"replies":[{"embeddable":true,"href":"https:\/\/novapaginaetsid.webs.upv.es\/index.php?rest_route=%2Fwp%2Fv2%2Fcomments&post=3501"}],"version-history":[{"count":35,"href":"https:\/\/novapaginaetsid.webs.upv.es\/index.php?rest_route=\/wp\/v2\/pages\/3501\/revisions"}],"predecessor-version":[{"id":6599,"href":"https:\/\/novapaginaetsid.webs.upv.es\/index.php?rest_route=\/wp\/v2\/pages\/3501\/revisions\/6599"}],"up":[{"embeddable":true,"href":"https:\/\/novapaginaetsid.webs.upv.es\/index.php?rest_route=\/wp\/v2\/pages\/93"}],"wp:attachment":[{"href":"https:\/\/novapaginaetsid.webs.upv.es\/index.php?rest_route=%2Fwp%2Fv2%2Fmedia&parent=3501"}],"curies":[{"name":"wp","href":"https:\/\/api.w.org\/{rel}","templated":true}]}}