
{"id":4162,"date":"2013-06-04T11:43:43","date_gmt":"2013-06-04T11:43:43","guid":{"rendered":"http:\/\/www.etsid.upv.es\/?page_id=4162"},"modified":"2016-03-10T08:57:26","modified_gmt":"2016-03-10T08:57:26","slug":"adaptaciones","status":"publish","type":"page","link":"https:\/\/novapaginaetsid.webs.upv.es\/?page_id=4162","title":{"rendered":"Adaptaciones"},"content":{"rendered":"<p><strong>CURSO 2016\/2017<span style=\"text-decoration: underline;\"><br \/>\n<\/span><\/strong><\/p>\n<p style=\"text-align: left;\" align=\"center\"><b>INFORMACI\u00d3N DE ADAPTACION ESTUDIOS<\/b><\/p>\n<p style=\"text-align: left;\" align=\"center\">Se entiende por <b>adaptaci\u00f3n<\/b> el reconocimiento de cr\u00e9ditos entre la titulaci\u00f3n a extinguir (Ingenier\u00edas T\u00e9cnicas) y el Grado del mismo nombre.<\/p>\n<p style=\"text-align: left;\"><b>REQUISITOS<\/b>. No haber finalizado la Ingenier\u00eda T\u00e9cnica.<\/p>\n<p style=\"text-align: left;\"><strong>PLAZOS 2016-2017<\/strong><\/p>\n<ul>\n<li style=\"text-align: left;\">Julio: Del 6 al 15 de julio de 2016<\/li>\n<li style=\"text-align: left;\">Septiembre: Del 5 al 16 de septiembre de 2016<\/li>\n<\/ul>\n<p>&nbsp;<\/p>\n<p><a href=\"\/wp-content\/uploads\/2016\/secretaria\/adaptaciones\/SOLICITUD DE ADAPTACION DE ESTUDIOS.pdf\"><strong>SOLICITUD<\/strong> de Adaptaci\u00f3n de Estudios<\/a><\/p>\n<p><strong><a href=\"\/wp-content\/uploads\/2016\/secretaria\/adaptaciones\/MATRICULA ADAPTADOS.pdf\" target=\"_blank\">MATRICULA<\/a><span style=\"text-decoration: underline;\"><a href=\"\/wp-content\/uploads\/2016\/secretaria\/adaptaciones\/MATRICULA ADAPTADOS.pdf\" target=\"_blank\"><br \/>\n<\/a><\/span><\/strong><\/p>\n<p>&nbsp;<\/p>\n<p><a href=\"https:\/\/www.upv.es\/pls\/oalu\/sic_adapta_recon.presentacion\">Consulta Planes de Adaptaci\u00f3n<\/a><\/p>\n","protected":false},"excerpt":{"rendered":"<p>CURSO 2016\/2017 INFORMACI\u00d3N DE ADAPTACION ESTUDIOS Se entiende por adaptaci\u00f3n el reconocimiento de cr\u00e9ditos entre la titulaci\u00f3n a extinguir (Ingenier\u00edas T\u00e9cnicas) y el Grado del mismo nombre. REQUISITOS. No haber finalizado la Ingenier\u00eda T\u00e9cnica. PLAZOS 2016-2017 Julio: Del 6 al &hellip; <a href=\"https:\/\/novapaginaetsid.webs.upv.es\/?page_id=4162\"><br \/>Continuar leyendo<\/a><\/p>\n","protected":false},"author":7,"featured_media":0,"parent":93,"menu_order":3,"comment_status":"open","ping_status":"closed","template":"plantilla_adaptaciones.php","meta":{"footnotes":""},"class_list":["post-4162","page","type-page","status-publish","hentry"],"_links":{"self":[{"href":"https:\/\/novapaginaetsid.webs.upv.es\/index.php?rest_route=\/wp\/v2\/pages\/4162","targetHints":{"allow":["GET"]}}],"collection":[{"href":"https:\/\/novapaginaetsid.webs.upv.es\/index.php?rest_route=\/wp\/v2\/pages"}],"about":[{"href":"https:\/\/novapaginaetsid.webs.upv.es\/index.php?rest_route=\/wp\/v2\/types\/page"}],"author":[{"embeddable":true,"href":"https:\/\/novapaginaetsid.webs.upv.es\/index.php?rest_route=\/wp\/v2\/users\/7"}],"replies":[{"embeddable":true,"href":"https:\/\/novapaginaetsid.webs.upv.es\/index.php?rest_route=%2Fwp%2Fv2%2Fcomments&post=4162"}],"version-history":[{"count":21,"href":"https:\/\/novapaginaetsid.webs.upv.es\/index.php?rest_route=\/wp\/v2\/pages\/4162\/revisions"}],"predecessor-version":[{"id":6601,"href":"https:\/\/novapaginaetsid.webs.upv.es\/index.php?rest_route=\/wp\/v2\/pages\/4162\/revisions\/6601"}],"up":[{"embeddable":true,"href":"https:\/\/novapaginaetsid.webs.upv.es\/index.php?rest_route=\/wp\/v2\/pages\/93"}],"wp:attachment":[{"href":"https:\/\/novapaginaetsid.webs.upv.es\/index.php?rest_route=%2Fwp%2Fv2%2Fmedia&parent=4162"}],"curies":[{"name":"wp","href":"https:\/\/api.w.org\/{rel}","templated":true}]}}