
{"id":4312,"date":"2013-07-12T10:02:58","date_gmt":"2013-07-12T10:02:58","guid":{"rendered":"http:\/\/www.etsid.upv.es\/?page_id=4312"},"modified":"2016-10-24T13:00:18","modified_gmt":"2016-10-24T13:00:18","slug":"trabajo-de-fin-de-grado-20132014","status":"publish","type":"page","link":"https:\/\/novapaginaetsid.webs.upv.es\/?page_id=4312","title":{"rendered":"Trabajo de Fin de Grado"},"content":{"rendered":"<p><strong>Trabajo de Fin de Grado<\/strong><\/p>\n<p>Para finalizar los estudios de los distintos T\u00edtulos de Grado los estudiantes deben realizar, bajo la orientaci\u00f3n de un tutor, un Trabajo Fin de Grado (TFG) original e individual en el \u00e1mbito de las tecnolog\u00edas espec\u00edficas del grado, de naturaleza profesional, en el que se sinteticen e integren las competencias adquiridas en las ense\u00f1anzas de este T\u00edtulo de Grado. El TFG se debe presentar y defender ante un tribunal universitario.<\/p>\n<ul>\n<li><span style=\"text-decoration: underline;\"><span style=\"color: #000080; text-decoration: underline;\"><a href=\"http:\/\/www.etsid.upv.es\/wp-content\/uploads\/2013\/secretaria\/Normativa%20Marco%20de%20TFG%202013UPV.pdf\"><span style=\"color: #000080; text-decoration: underline;\">Normativa TFG-UPV<\/span><\/a><\/span><\/span> <span style=\"text-decoration: underline;\"><span style=\"color: #000080; text-decoration: underline;\"><a href=\"http:\/\/www.etsid.upv.es\/wp-content\/uploads\/2013\/secretaria\/Normativa%20Marco%20de%20TFG%202013UPV.pdf\"><span style=\"color: #000080; text-decoration: underline;\"><br \/>\n<\/span><\/a><\/span><\/span><\/li>\n<\/ul>\n<p>Normativa marco de trabajos fin de grado y fin de m\u00e1ster Universitat Polit\u00e8cnica de Val\u00e8ncia. Aprobada en consejo de gobierno 7 de marzo de 2013.<\/p>\n<ul>\n<li><span style=\"text-decoration: underline;\"><span style=\"color: #000080; text-decoration: underline;\"><a href=\"\/wp-content\/uploads\/2016\/secretaria\/Borrador Trabajo Fin de Gradov11 (002).pdf\"><span style=\"color: #000080; text-decoration: underline;\">Procedimiento TFG-ETSID<\/span><\/a><\/span><\/span> <span style=\"color: #000080;\"><span style=\"color: #000080;\"><span style=\"color: #000080;\">\/<\/span><\/span><\/span> <span style=\"text-decoration: underline;\"><span style=\"color: #000080; text-decoration: underline;\"><a href=\"\/wp-content\/uploads\/2016\/secretaria\/Borrador Trabajo Fin de Gradov11_valenciano (002).pdf\"><span style=\"color: #000080;\">Procediment TFG-UPV (Valenci\u00e0)<\/span><\/a><a href=\"http:\/\/www.etsid.upv.es\/wp-content\/uploads\/2013\/secretaria\/Normativa%20Marco%20de%20TFG%202013UPV.pdf\"><br \/>\n<\/a><br \/>\n<\/span><\/span><\/li>\n<\/ul>\n<p>Procedimiento para la tramitaci\u00f3n y defensa del trabajo fin de grado en la Escuela T\u00e9cnica Superior de Ingenier\u00eda del Dise\u00f1o (La Normativa de Trabajos Fin de Grado de la Universitat Polit\u00e8cnica de Val\u00e8ncia (UPV), texto refundido de los acuerdos de Consejo de Gobierno de 7 de marzo de 2013, 21 de enero de 2015 y 28 de mayo de 2015, establece el marco general en el que se regulan las condiciones por las que se regir\u00e1 en la UPV la matriculaci\u00f3n, asignaci\u00f3n, evaluaci\u00f3n y otros aspectos de la tramitaci\u00f3n acad\u00e9mica y administrativa de los Trabajos Fin de Grado (TFG).<\/p>\n<ul>\n<li><span style=\"text-decoration: underline;\"><a href=\"http:\/\/www.etsid.upv.es\/wp-content\/uploads\/2013\/secretaria\/Modelo%201%20TFG%20Solicitud.doc\"><span style=\"color: #000080;\">Modelo 1 TFG- SOLICITUD<\/span><\/a><\/span><\/li>\n<\/ul>\n<p><strong>Oferta Trabajo Fin de Grado \u2013 Curso 2016\/17 \u2013<\/strong><\/p>\n<ul>\n<li><span style=\"text-decoration: underline;\"><a href=\"http:\/\/etsid.webs.upv.es\/wp-content\/uploads\/2013\/11\/GIA-OFERTA-2.pdf\">GIA-oferta<\/a><\/span><\/li>\n<li><span style=\"text-decoration: underline;\"><a href=\"http:\/\/etsid.webs.upv.es\/wp-content\/uploads\/2013\/11\/GIDIDP-OFERTA-2.pdf\">GIDIDP-oferta<\/a><\/span><\/li>\n<li><span style=\"text-decoration: underline;\"><a href=\"http:\/\/etsid.webs.upv.es\/wp-content\/uploads\/2013\/11\/GIE-OFERTA-2.pdf\">GIE-oferta<\/a><\/span><\/li>\n<li><span style=\"text-decoration: underline;\"><a href=\"http:\/\/etsid.webs.upv.es\/wp-content\/uploads\/2013\/11\/GIEIA-OFERTA-2.pdf\">GIEIA-oferta<\/a><\/span><\/li>\n<li><span style=\"text-decoration: underline;\"><a href=\"http:\/\/etsid.webs.upv.es\/wp-content\/uploads\/2013\/11\/GIM-OFERTA-2.pdf\">GIM-oferta<\/a><\/span><\/li>\n<\/ul>\n<p>&nbsp;<\/p>\n<p>Solicitud de trabajo fin de grado<\/p>\n<ul>\n<li><span style=\"text-decoration: underline;\"><span style=\"color: #000080; text-decoration: underline;\"><a href=\"http:\/\/www.etsid.upv.es\/wp-content\/uploads\/2015\/SECRETARIA\/Modelo%202%20TFG%20informe%20tutor-2.doc\"><span style=\"color: #000080; text-decoration: underline;\">Modelo 2 TFG- Informe Tutor<\/span><\/a><\/span><\/span><\/li>\n<li><span style=\"text-decoration: underline;\"><span style=\"color: #000080; text-decoration: underline;\"><a href=\"\/wp-content\/uploads\/2015\/SECRETARIA\/TFG\/CARATULA.pptx\"><span style=\"color: #000080; text-decoration: underline;\">Plantilla caratula cd-dvd oficial para trabajo fin de grado\/trabajo fin de m\u00e1ster (formato PowerPoint 2010)<\/span><\/a><\/span><\/span><\/li>\n<li><span style=\"text-decoration: underline;\"><span style=\"color: #000080; text-decoration: underline;\"><span style=\"color: #000080; text-decoration: underline;\"><a href=\"\/wp-content\/uploads\/2016\/premi\/Formulari concurs 2016.docx\">Premi a la millor defensa en valenci\u00e0<\/a>\u00a02015\/2016<\/span><\/span><\/span><\/li>\n<\/ul>\n<p>&nbsp;<\/p>\n","protected":false},"excerpt":{"rendered":"<p>Trabajo de Fin de Grado Para finalizar los estudios de los distintos T\u00edtulos de Grado los estudiantes deben realizar, bajo la orientaci\u00f3n de un tutor, un Trabajo Fin de Grado (TFG) original e individual en el \u00e1mbito de las tecnolog\u00edas &hellip; <a href=\"https:\/\/novapaginaetsid.webs.upv.es\/?page_id=4312\"><br \/>Continuar leyendo<\/a><\/p>\n","protected":false},"author":7,"featured_media":0,"parent":29,"menu_order":0,"comment_status":"open","ping_status":"closed","template":"","meta":{"footnotes":""},"class_list":["post-4312","page","type-page","status-publish","hentry"],"_links":{"self":[{"href":"https:\/\/novapaginaetsid.webs.upv.es\/index.php?rest_route=\/wp\/v2\/pages\/4312","targetHints":{"allow":["GET"]}}],"collection":[{"href":"https:\/\/novapaginaetsid.webs.upv.es\/index.php?rest_route=\/wp\/v2\/pages"}],"about":[{"href":"https:\/\/novapaginaetsid.webs.upv.es\/index.php?rest_route=\/wp\/v2\/types\/page"}],"author":[{"embeddable":true,"href":"https:\/\/novapaginaetsid.webs.upv.es\/index.php?rest_route=\/wp\/v2\/users\/7"}],"replies":[{"embeddable":true,"href":"https:\/\/novapaginaetsid.webs.upv.es\/index.php?rest_route=%2Fwp%2Fv2%2Fcomments&post=4312"}],"version-history":[{"count":49,"href":"https:\/\/novapaginaetsid.webs.upv.es\/index.php?rest_route=\/wp\/v2\/pages\/4312\/revisions"}],"predecessor-version":[{"id":6766,"href":"https:\/\/novapaginaetsid.webs.upv.es\/index.php?rest_route=\/wp\/v2\/pages\/4312\/revisions\/6766"}],"up":[{"embeddable":true,"href":"https:\/\/novapaginaetsid.webs.upv.es\/index.php?rest_route=\/wp\/v2\/pages\/29"}],"wp:attachment":[{"href":"https:\/\/novapaginaetsid.webs.upv.es\/index.php?rest_route=%2Fwp%2Fv2%2Fmedia&parent=4312"}],"curies":[{"name":"wp","href":"https:\/\/api.w.org\/{rel}","templated":true}]}}