
{"id":4405,"date":"2013-09-16T09:21:34","date_gmt":"2013-09-16T09:21:34","guid":{"rendered":"http:\/\/www.etsid.upv.es\/?page_id=4405"},"modified":"2014-07-23T06:59:05","modified_gmt":"2014-07-23T06:59:05","slug":"identidad-visual-corporativa","status":"publish","type":"page","link":"https:\/\/novapaginaetsid.webs.upv.es\/?page_id=4405","title":{"rendered":"Logotipo de la Escuela T\u00e9cnica Superior de Ingenier\u00eda del Dise\u00f1o"},"content":{"rendered":"<p style=\"text-align: center;\"><strong>Escuela T\u00e9cnica Superior de Ingenier\u00eda del Dise\u00f1o<\/strong><\/p>\n<p>\u00a0<img loading=\"lazy\" decoding=\"async\" class=\"aligncenter  wp-image-5459\" src=\"http:\/\/www.etsid.upv.es\/wp-content\/uploads\/2012\/06\/etsid.png\" alt=\"etsid\" width=\"423\" height=\"108\" srcset=\"https:\/\/novapaginaetsid.webs.upv.es\/wp-content\/uploads\/2012\/06\/etsid.png 556w, https:\/\/novapaginaetsid.webs.upv.es\/wp-content\/uploads\/2012\/06\/etsid-300x76.png 300w\" sizes=\"auto, (max-width: 423px) 100vw, 423px\" \/><\/p>\n<p style=\"text-align: center;\"><a href=\"\/wp-content\/uploads\/logos\/etsid.ai\">.ai\u00a0<\/a>\u00a0\u00a0\u00a0 <a href=\"\/wp-content\/uploads\/logos\/etsid.jpg\" target=\"_blank\">.jpg<\/a><\/p>\n<p style=\"text-align: center;\"><strong>\u00a0Escudo del Colegio Oficial de Ingenieros T\u00e9cnicos Industriales y de Grado<a href=\"http:\/\/www.etsid.upv.es\/wp-content\/uploads\/2012\/06\/euitiv-color-4FLECHAS1.jpg\"><img loading=\"lazy\" decoding=\"async\" class=\"aligncenter  wp-image-5462\" src=\"http:\/\/www.etsid.upv.es\/wp-content\/uploads\/2012\/06\/euitiv-color-4FLECHAS1-724x1024.jpg\" alt=\"euitiv color 4FLECHAS\" width=\"244\" height=\"345\" srcset=\"https:\/\/novapaginaetsid.webs.upv.es\/wp-content\/uploads\/2012\/06\/euitiv-color-4FLECHAS1-724x1024.jpg 724w, https:\/\/novapaginaetsid.webs.upv.es\/wp-content\/uploads\/2012\/06\/euitiv-color-4FLECHAS1-212x300.jpg 212w, https:\/\/novapaginaetsid.webs.upv.es\/wp-content\/uploads\/2012\/06\/euitiv-color-4FLECHAS1.jpg 1654w\" sizes=\"auto, (max-width: 244px) 100vw, 244px\" \/><\/a><\/strong><a href=\"\/wp-content\/uploads\/logos\/euitiv%20color 4FLECHAS.ai\">.ai\u00a0<\/a>\u00a0\u00a0\u00a0\u00a0\u00a0\u00a0\u00a0\u00a0\u00a0\u00a0 <a href=\"\/wp-content\/uploads\/logos\/euitiv%20color 4FLECHAS.jpg\">.Jpg <\/a><\/p>\n<p>&nbsp;<\/p>\n<p>&nbsp;<\/p>\n","protected":false},"excerpt":{"rendered":"<p>Escuela T\u00e9cnica Superior de Ingenier\u00eda del Dise\u00f1o \u00a0 .ai\u00a0\u00a0\u00a0\u00a0 .jpg \u00a0Escudo del Colegio Oficial de Ingenieros T\u00e9cnicos Industriales y de Grado.ai\u00a0\u00a0\u00a0\u00a0\u00a0\u00a0\u00a0\u00a0\u00a0\u00a0\u00a0 .Jpg &nbsp; &nbsp;<\/p>\n","protected":false},"author":7,"featured_media":0,"parent":0,"menu_order":0,"comment_status":"open","ping_status":"closed","template":"","meta":{"footnotes":""},"class_list":["post-4405","page","type-page","status-publish","hentry"],"_links":{"self":[{"href":"https:\/\/novapaginaetsid.webs.upv.es\/index.php?rest_route=\/wp\/v2\/pages\/4405","targetHints":{"allow":["GET"]}}],"collection":[{"href":"https:\/\/novapaginaetsid.webs.upv.es\/index.php?rest_route=\/wp\/v2\/pages"}],"about":[{"href":"https:\/\/novapaginaetsid.webs.upv.es\/index.php?rest_route=\/wp\/v2\/types\/page"}],"author":[{"embeddable":true,"href":"https:\/\/novapaginaetsid.webs.upv.es\/index.php?rest_route=\/wp\/v2\/users\/7"}],"replies":[{"embeddable":true,"href":"https:\/\/novapaginaetsid.webs.upv.es\/index.php?rest_route=%2Fwp%2Fv2%2Fcomments&post=4405"}],"version-history":[{"count":18,"href":"https:\/\/novapaginaetsid.webs.upv.es\/index.php?rest_route=\/wp\/v2\/pages\/4405\/revisions"}],"predecessor-version":[{"id":6842,"href":"https:\/\/novapaginaetsid.webs.upv.es\/index.php?rest_route=\/wp\/v2\/pages\/4405\/revisions\/6842"}],"wp:attachment":[{"href":"https:\/\/novapaginaetsid.webs.upv.es\/index.php?rest_route=%2Fwp%2Fv2%2Fmedia&parent=4405"}],"curies":[{"name":"wp","href":"https:\/\/api.w.org\/{rel}","templated":true}]}}