
{"id":53,"date":"2011-05-10T07:28:51","date_gmt":"2011-05-10T07:28:51","guid":{"rendered":"http:\/\/porvalencia.es\/estid\/?page_id=53"},"modified":"2014-10-06T13:04:55","modified_gmt":"2014-10-06T13:04:55","slug":"titulaciones-antiguas","status":"publish","type":"page","link":"https:\/\/novapaginaetsid.webs.upv.es\/?page_id=53","title":{"rendered":"Titulaciones antiguas"},"content":{"rendered":"<p><strong>Ingenier\u00eda Aeron\u00e1utica<\/strong><br \/>\n<a href=\"http:\/\/www.upv.es\/pls\/oalu\/sic_pla.lisBloques?P_TIT=136&amp;p_nombre=Escuela%20T%E9cnica%20Superior%20de%20Ingenier%EDa%20del%20Dise%F1o&amp;p_cen=E&amp;p_tipo=plan&amp;P_IDIOMA=c&amp;P_ACCESO=G&amp;P_VISTA=&amp;P_NAVEGA=2&amp;p_caca=\" target=\"_blank\">Gu\u00eda Docente \/ Programa<\/a><br \/>\n<a href=\"http:\/\/www.upv.es\/entidades\/ETSID\/infoweb\/euiti\/info\/U0530744.pdf\" target=\"_blank\">Plan de Estudios &#8211; Resumen<\/a><br \/>\n<a href=\"http:\/\/www.upv.es\/entidades\/ETSID\/infoweb\/euiti\/info\/BOEAeronautico.pdf\" target=\"_blank\">Plan de Estudios &#8211; BOE<\/a><\/p>\n<hr \/>\n<p><strong>Ingenier\u00eda en Organizaci\u00f3n Industrial<\/strong><br \/>\n<a href=\"http:\/\/www.upv.es\/pls\/oalu\/sic_pla.lisBloques?P_TIT=134&amp;p_nombre=Escuela%20T%E9cnica%20Superior%20de%20Ingenier%EDa%20del%20Dise%F1o&amp;p_cen=E&amp;p_tipo=plan&amp;P_IDIOMA=c&amp;P_ACCESO=G&amp;P_VISTA=&amp;P_NAVEGA=2&amp;p_caca=\" target=\"_blank\">Gu\u00eda Docente \/ Programa<\/a><br \/>\n<a href=\"http:\/\/www.upv.es\/entidades\/ETSID\/infoweb\/euiti\/info\/resOrganizacion.pdf\" target=\"_blank\">Plan de Estudios &#8211; Resumen<\/a><br \/>\n<a href=\"http:\/\/www.upv.es\/entidades\/ETSID\/infoweb\/euiti\/info\/BOEOrg.pdf\" target=\"_blank\">Plan de Estudios &#8211; BOE<\/a><\/p>\n<hr \/>\n<p><strong>Ingenier\u00eda T\u00e9cnica en Dise\u00f1o Industrial<\/strong><br \/>\n<a href=\"http:\/\/www.upv.es\/pls\/oalu\/sic_pla.lisBloques?P_TIT=89&amp;p_nombre=Escuela%20T%E9cnica%20Superior%20de%20Ingenier%EDa%20del%20Dise%F1o&amp;p_cen=E&amp;p_tipo=plan&amp;P_IDIOMA=c&amp;P_ACCESO=G&amp;P_VISTA=&amp;P_NAVEGA=2&amp;p_caca=\" target=\"_blank\">Gu\u00eda Docente \/ Programa<\/a><br \/>\n<a href=\"http:\/\/www.upv.es\/entidades\/ETSID\/infoweb\/euiti\/info\/resIDisenyo.pdf\" target=\"_blank\">Plan de Estudios &#8211; Resumen<\/a><br \/>\n<a href=\"http:\/\/www.upv.es\/entidades\/ETSID\/infoweb\/euiti\/info\/U0530754.pdf\" target=\"_blank\">Plan de Estudios &#8211; BOE<\/a><\/p>\n<hr \/>\n<p><strong>Ingenier\u00eda T\u00e9cnica Industrial, Esp. Electricidad<\/strong><br \/>\n<a href=\"http:\/\/www.upv.es\/pls\/oalu\/sic_pla.lisBloques?P_TIT=84&amp;p_nombre=Escuela%20T%E9cnica%20Superior%20de%20Ingenier%EDa%20del%20Dise%F1o&amp;p_cen=E&amp;p_tipo=plan&amp;P_IDIOMA=c&amp;P_ACCESO=G&amp;P_VISTA=&amp;P_NAVEGA=2&amp;p_caca=\" target=\"_blank\">Gu\u00eda Docente \/ Programa<\/a><br \/>\n<a href=\"http:\/\/www.upv.es\/entidades\/ETSID\/infoweb\/euiti\/info\/resingelec.pdf\" target=\"_blank\">Plan de Estudios &#8211; Resumen<\/a><br \/>\n<a href=\"http:\/\/www.upv.es\/entidades\/ETSID\/infoweb\/euiti\/info\/BOEITIelec.pdf\" target=\"_blank\">Plan de Estudios &#8211; BOE<\/a><\/p>\n<hr \/>\n<p><strong>Ingenier\u00eda T\u00e9cnica Industrial, Esp. Electr\u00f3nica Industrial<\/strong><br \/>\n<a href=\"http:\/\/www.upv.es\/pls\/oalu\/sic_pla.lisBloques?P_TIT=85&amp;p_nombre=Escuela%20T%E9cnica%20Superior%20de%20Ingenier%EDa%20del%20Dise%F1o&amp;p_cen=E&amp;p_tipo=plan&amp;P_IDIOMA=c&amp;P_ACCESO=G&amp;P_VISTA=&amp;P_NAVEGA=2&amp;p_caca=\" target=\"_blank\">Gu\u00eda Docente \/ Programa<\/a><br \/>\n<a href=\"http:\/\/www.upv.es\/entidades\/ETSID\/infoweb\/euiti\/info\/resITIelectronica.pdf\" target=\"_blank\">Plan de Estudios &#8211; Resumen<\/a><br \/>\n<a href=\"http:\/\/www.upv.es\/entidades\/ETSID\/infoweb\/euiti\/info\/BOEElectronica.pdf\" target=\"_blank\">Plan de Estudios &#8211; BOE<\/a><\/p>\n<hr \/>\n<p><strong>Ingenier\u00eda T\u00e9cnica Industrial, Esp. Mec\u00e1nica<\/strong><br \/>\n<a href=\"http:\/\/www.upv.es\/pls\/oalu\/sic_pla.lisBloques?P_TIT=87&amp;p_nombre=Escuela%20T%E9cnica%20Superior%20de%20Ingenier%EDa%20del%20Dise%F1o&amp;p_cen=E&amp;p_tipo=plan&amp;P_IDIOMA=c&amp;P_ACCESO=G&amp;P_VISTA=&amp;P_NAVEGA=2&amp;p_caca=\" target=\"_blank\">Gu\u00eda Docente \/ Programa<\/a><br \/>\n<a href=\"http:\/\/www.upv.es\/entidades\/ETSID\/infoweb\/euiti\/info\/resITIMecanica.pdf\" target=\"_blank\">Plan de Estudios &#8211; Resumen<\/a><br \/>\n<a href=\"http:\/\/www.upv.es\/entidades\/ETSID\/infoweb\/euiti\/info\/BOEITIMecanica.pdf\" target=\"_blank\">Plan de Estudios &#8211; BOE<\/a><\/p>\n<hr \/>\n<p><strong>Ingenier\u00eda T\u00e9cnica Industrial, Esp. Qu\u00edmica Industrial<\/strong><br \/>\n<a href=\"http:\/\/www.upv.es\/pls\/oalu\/sic_pla.lisBloques?P_TIT=88&amp;p_nombre=Escuela%20T%E9cnica%20Superior%20de%20Ingenier%EDa%20del%20Dise%F1o&amp;p_cen=E&amp;p_tipo=plan&amp;P_IDIOMA=c&amp;P_ACCESO=G&amp;P_VISTA=&amp;P_NAVEGA=2&amp;p_caca=\" target=\"_blank\">Gu\u00eda Docente \/ Programa<\/a><br \/>\n<a href=\"http:\/\/www.upv.es\/entidades\/ETSID\/menu_urlc.html?\/entidades\/ETSID\/infoweb\/euiti\/info\/resITIQuimica.pdf\" target=\"_blank\">Plan de Estudios &#8211; Resume<\/a>n<br \/>\n<a href=\"http:\/\/www.upv.es\/entidades\/ETSID\/infoweb\/euiti\/info\/BOEITIQuimica.pdf\">Plan de Estudios &#8211; BOE<\/a><\/p>\n<hr \/>\n","protected":false},"excerpt":{"rendered":"<p>Ingenier\u00eda Aeron\u00e1utica Gu\u00eda Docente \/ Programa Plan de Estudios &#8211; Resumen Plan de Estudios &#8211; BOE Ingenier\u00eda en Organizaci\u00f3n Industrial Gu\u00eda Docente \/ Programa Plan de Estudios &#8211; Resumen Plan de Estudios &#8211; BOE Ingenier\u00eda T\u00e9cnica en Dise\u00f1o Industrial Gu\u00eda &hellip; <a href=\"https:\/\/novapaginaetsid.webs.upv.es\/?page_id=53\"><br \/>Continuar leyendo<\/a><\/p>\n","protected":false},"author":4,"featured_media":0,"parent":27,"menu_order":1,"comment_status":"open","ping_status":"closed","template":"","meta":{"footnotes":""},"class_list":["post-53","page","type-page","status-publish","hentry"],"_links":{"self":[{"href":"https:\/\/novapaginaetsid.webs.upv.es\/index.php?rest_route=\/wp\/v2\/pages\/53","targetHints":{"allow":["GET"]}}],"collection":[{"href":"https:\/\/novapaginaetsid.webs.upv.es\/index.php?rest_route=\/wp\/v2\/pages"}],"about":[{"href":"https:\/\/novapaginaetsid.webs.upv.es\/index.php?rest_route=\/wp\/v2\/types\/page"}],"author":[{"embeddable":true,"href":"https:\/\/novapaginaetsid.webs.upv.es\/index.php?rest_route=\/wp\/v2\/users\/4"}],"replies":[{"embeddable":true,"href":"https:\/\/novapaginaetsid.webs.upv.es\/index.php?rest_route=%2Fwp%2Fv2%2Fcomments&post=53"}],"version-history":[{"count":24,"href":"https:\/\/novapaginaetsid.webs.upv.es\/index.php?rest_route=\/wp\/v2\/pages\/53\/revisions"}],"predecessor-version":[{"id":55,"href":"https:\/\/novapaginaetsid.webs.upv.es\/index.php?rest_route=\/wp\/v2\/pages\/53\/revisions\/55"}],"up":[{"embeddable":true,"href":"https:\/\/novapaginaetsid.webs.upv.es\/index.php?rest_route=\/wp\/v2\/pages\/27"}],"wp:attachment":[{"href":"https:\/\/novapaginaetsid.webs.upv.es\/index.php?rest_route=%2Fwp%2Fv2%2Fmedia&parent=53"}],"curies":[{"name":"wp","href":"https:\/\/api.w.org\/{rel}","templated":true}]}}