
{"id":6153,"date":"2015-10-16T12:23:23","date_gmt":"2015-10-16T12:23:23","guid":{"rendered":"http:\/\/www.etsid.upv.es\/?page_id=6153"},"modified":"2015-10-28T13:46:06","modified_gmt":"2015-10-28T13:46:06","slug":"catedras-de-empresa-etsid","status":"publish","type":"page","link":"https:\/\/novapaginaetsid.webs.upv.es\/?page_id=6153","title":{"rendered":"C\u00e1tedras de Empresa ETSID"},"content":{"rendered":"<h1><a href=\"http:\/\/www.upv.es\/contenidos\/CVOSSLOH\/\" target=\"_blank\">C\u00e1tedra Vossloh<\/a><\/h1>\n<p><b>Vossloh Espa\u00f1a<\/b> es una empresa l\u00edder en el dise\u00f1o y fabricaci\u00f3n de veh\u00edculos ferroviarios. Estrechamente unida a la historia del ferrocarril y con el aval de m\u00e1s de un siglo de experiencia en el sector, la empresa dise\u00f1a locomotoras diesel-el\u00e9ctricas, duales y el\u00e9ctricas, para el transporte de mercanc\u00edas y pasajeros de larga distancia y tambi\u00e9n tranv\u00edas, tren-tranv\u00edas y metros para un transporte sostenible urbano.<\/p>\n<p>La C\u00e1tedra Vossloh con la Universitat Polit\u00e8cnica de Val\u00e8ncia tiene el objetivo de acercar las t\u00e9cnicas y modos de funcionar de una empresa l\u00edder en construcci\u00f3n de maquinaria ferroviaria a la Universidad. De esta manera se pretende facilitar la transici\u00f3n de los egresados de la UPV a la industria y ayudar a cerrar el hueco entre industria y Universidad. Con este prop\u00f3sito se pretenden organizar, entre otras, las siguientes actividades:<\/p>\n<p style=\"padding-left: 30px;\">&#8211; Seminarios y cursos ferroviarios.<br \/>\n&#8211; Realizaci\u00f3n de Proyectos Fin de Carrera.<br \/>\n&#8211; PFC, Proyectos Fin de Grado.<br \/>\n&#8211; TFG y Trabajos Fin de Master.<br \/>\n&#8211; TFM en distintas \u00e1reas del \u00e1mbito ferroviario: fluido din\u00e1mica, estructuras, din\u00e1mica, el\u00e9ctrica, control y software, etc.<br \/>\n&#8211; Convocatorias de Premios de Dise\u00f1o: interiores de tranv\u00edas y tren-tranv\u00edas, \u00e1reas para personas de personas de movilidad reducida, \u00e1reas funcionales como portaequipajes, asideros, etc.<\/p>\n<p><a href=\"http:\/\/www.vossloh-espana.com\/en\/home\/home.html\" target=\"_blank\">http:\/\/www.vossloh-espana.com\/en\/home\/home.html<\/a><\/p>\n<h1><a href=\"http:\/\/www.upv.es\/contenidos\/CNAGARES\/\" target=\"_blank\">C\u00e1tedra de empresa Nagares Mecatr\u00f3nica<\/a><\/h1>\n<div>\n<p>El rector de la Universitat Polit\u00e8cnica de Val\u00e8ncia, Francisco Mora, y el presidente de Nagares, Herminio Naval\u00f3n, firmaron el pasado 8 de septiembre el acuerdo de colaboraci\u00f3n por el que queda formalizada la c\u00e1tedra de empresa Nagares Mecatr\u00f3nica. La c\u00e1tedra est\u00e1 adscrita a la Escuela T\u00e9cnica Superior de Ingenier\u00eda del Dise\u00f1o (ETSID), y su responsable es Eduardo Garc\u00eda Breijo, profesor del Departamento de Ingenier\u00eda Electr\u00f3nica y miembro del Centro de Reconocimiento Molecular y Desarrollo Tecnol\u00f3gico (IDM).<\/p>\n<p>La c\u00e1tedra tiene por objetivo la promoci\u00f3n de la mecatr\u00f3nica (la disciplina que une la ingenier\u00eda mec\u00e1nica con la electr\u00f3nica) en su sentido m\u00e1s amplio. Para ello, el acuerdo prev\u00e9, entre otras actividades, convocar becas de estudios y premios a proyectos de final de carrera, promover pr\u00e1cticas en empresas, organizar jornadas de divulgaci\u00f3n t\u00e9cnica con algunos de los principales especialistas mundiales en el \u00e1mbito de la mecatr\u00f3nica y abrir nuevas l\u00edneas de investigaci\u00f3n conjunta.<\/p>\n<p><a href=\"http:\/\/www.nagares.es\/\" target=\"_blank\">http:\/\/www.nagares.es\/<\/a><\/p>\n<\/div>\n<p>&nbsp;<\/p>\n<p>&nbsp;<\/p>\n","protected":false},"excerpt":{"rendered":"<p>C\u00e1tedra Vossloh Vossloh Espa\u00f1a es una empresa l\u00edder en el dise\u00f1o y fabricaci\u00f3n de veh\u00edculos ferroviarios. Estrechamente unida a la historia del ferrocarril y con el aval de m\u00e1s de un siglo de experiencia en el sector, la empresa dise\u00f1a &hellip; <a href=\"https:\/\/novapaginaetsid.webs.upv.es\/?page_id=6153\"><br \/>Continuar leyendo<\/a><\/p>\n","protected":false},"author":7,"featured_media":0,"parent":0,"menu_order":0,"comment_status":"closed","ping_status":"closed","template":"","meta":{"footnotes":""},"class_list":["post-6153","page","type-page","status-publish","hentry"],"_links":{"self":[{"href":"https:\/\/novapaginaetsid.webs.upv.es\/index.php?rest_route=\/wp\/v2\/pages\/6153","targetHints":{"allow":["GET"]}}],"collection":[{"href":"https:\/\/novapaginaetsid.webs.upv.es\/index.php?rest_route=\/wp\/v2\/pages"}],"about":[{"href":"https:\/\/novapaginaetsid.webs.upv.es\/index.php?rest_route=\/wp\/v2\/types\/page"}],"author":[{"embeddable":true,"href":"https:\/\/novapaginaetsid.webs.upv.es\/index.php?rest_route=\/wp\/v2\/users\/7"}],"replies":[{"embeddable":true,"href":"https:\/\/novapaginaetsid.webs.upv.es\/index.php?rest_route=%2Fwp%2Fv2%2Fcomments&post=6153"}],"version-history":[{"count":3,"href":"https:\/\/novapaginaetsid.webs.upv.es\/index.php?rest_route=\/wp\/v2\/pages\/6153\/revisions"}],"predecessor-version":[{"id":6371,"href":"https:\/\/novapaginaetsid.webs.upv.es\/index.php?rest_route=\/wp\/v2\/pages\/6153\/revisions\/6371"}],"wp:attachment":[{"href":"https:\/\/novapaginaetsid.webs.upv.es\/index.php?rest_route=%2Fwp%2Fv2%2Fmedia&parent=6153"}],"curies":[{"name":"wp","href":"https:\/\/api.w.org\/{rel}","templated":true}]}}