
{"id":62,"date":"2011-05-10T07:50:21","date_gmt":"2011-05-10T07:50:21","guid":{"rendered":"http:\/\/porvalencia.es\/estid\/?page_id=62"},"modified":"2013-11-25T12:52:48","modified_gmt":"2013-11-25T12:52:48","slug":"masters-propios","status":"publish","type":"page","link":"https:\/\/novapaginaetsid.webs.upv.es\/?page_id=62","title":{"rendered":"M\u00e1sters propios"},"content":{"rendered":"<p><a href=\"http:\/\/www.mastergestiondeportivaupv.com\/\" target=\"_blank\">M\u00e1ster en Organizaci\u00f3n, Gesti\u00f3n y Administraci\u00f3n de Entidades y Organizaciones\u00a0Deportivas<\/a><\/p>\n<hr \/>\n<p><a href=\"http:\/\/www.styling.upv.es\/\" target=\"_blank\">M\u00e1ster en Styling y Concepto en el Autom\u00f3vil<\/a><\/p>\n<hr \/>\n<p><a href=\"http:\/\/mag2.webs.upv.es\/mag-master-en-artes-graficas\/\" target=\"_blank\">M\u00e1ster en Artes Gr\u00e1ficas, Especialista Universitario en Dise\u00f1o Gr\u00e1fico\u00a0Editorial<\/a><\/p>\n<hr \/>\n<p><a href=\"http:\/\/mag2.webs.upv.es\/mai-master-en-aplicaciones-multimedia-para-internet\/\">M\u00e1ster en Aplicaciones para Internet<\/a><\/p>\n<hr \/>\n","protected":false},"excerpt":{"rendered":"<p>M\u00e1ster en Organizaci\u00f3n, Gesti\u00f3n y Administraci\u00f3n de Entidades y Organizaciones\u00a0Deportivas M\u00e1ster en Styling y Concepto en el Autom\u00f3vil M\u00e1ster en Artes Gr\u00e1ficas, Especialista Universitario en Dise\u00f1o Gr\u00e1fico\u00a0Editorial M\u00e1ster en Aplicaciones para Internet<\/p>\n","protected":false},"author":4,"featured_media":0,"parent":27,"menu_order":4,"comment_status":"open","ping_status":"closed","template":"plantilla_1.3.1.masters.php","meta":{"footnotes":""},"class_list":["post-62","page","type-page","status-publish","hentry"],"_links":{"self":[{"href":"https:\/\/novapaginaetsid.webs.upv.es\/index.php?rest_route=\/wp\/v2\/pages\/62","targetHints":{"allow":["GET"]}}],"collection":[{"href":"https:\/\/novapaginaetsid.webs.upv.es\/index.php?rest_route=\/wp\/v2\/pages"}],"about":[{"href":"https:\/\/novapaginaetsid.webs.upv.es\/index.php?rest_route=\/wp\/v2\/types\/page"}],"author":[{"embeddable":true,"href":"https:\/\/novapaginaetsid.webs.upv.es\/index.php?rest_route=\/wp\/v2\/users\/4"}],"replies":[{"embeddable":true,"href":"https:\/\/novapaginaetsid.webs.upv.es\/index.php?rest_route=%2Fwp%2Fv2%2Fcomments&post=62"}],"version-history":[{"count":17,"href":"https:\/\/novapaginaetsid.webs.upv.es\/index.php?rest_route=\/wp\/v2\/pages\/62\/revisions"}],"predecessor-version":[{"id":5034,"href":"https:\/\/novapaginaetsid.webs.upv.es\/index.php?rest_route=\/wp\/v2\/pages\/62\/revisions\/5034"}],"up":[{"embeddable":true,"href":"https:\/\/novapaginaetsid.webs.upv.es\/index.php?rest_route=\/wp\/v2\/pages\/27"}],"wp:attachment":[{"href":"https:\/\/novapaginaetsid.webs.upv.es\/index.php?rest_route=%2Fwp%2Fv2%2Fmedia&parent=62"}],"curies":[{"name":"wp","href":"https:\/\/api.w.org\/{rel}","templated":true}]}}