
{"id":6569,"date":"2016-03-09T08:45:15","date_gmt":"2016-03-09T08:45:15","guid":{"rendered":"http:\/\/www.etsid.upv.es\/?page_id=6569"},"modified":"2016-03-10T08:53:01","modified_gmt":"2016-03-10T08:53:01","slug":"ingenierias-tecnicas","status":"publish","type":"page","link":"https:\/\/novapaginaetsid.webs.upv.es\/?page_id=6569","title":{"rendered":"Ingenier\u00edas T\u00e9cnicas"},"content":{"rendered":"<p>1. Aquellos alumnos que no hayan finalizado la Ingenier\u00eda T\u00e9cnica y tengan inter\u00e9s en seguir sus estudios deben solicitar la Adaptaci\u00f3n al Grado.<\/p>\n<p style=\"padding-left: 30px;\">Para obtener m\u00e1s informaci\u00f3n <a href=\"http:\/\/www.etsid.upv.es\/?page_id=4162\">pinche aqu\u00ed<\/a><\/p>\n<p>2. Alumnos que hayan finalizado la Ingenier\u00eda T\u00e9cnica, pueden realizar el Curso de Adaptaci\u00f3n al Grado.<\/p>\n<p style=\"padding-left: 30px;\">Para obtener m\u00e1s informaci\u00f3n <a href=\"http:\/\/www.etsid.upv.es\/?page_id=5785\">pinche aqu\u00ed<\/a><\/p>\n","protected":false},"excerpt":{"rendered":"<p>1. Aquellos alumnos que no hayan finalizado la Ingenier\u00eda T\u00e9cnica y tengan inter\u00e9s en seguir sus estudios deben solicitar la Adaptaci\u00f3n al Grado. Para obtener m\u00e1s informaci\u00f3n pinche aqu\u00ed 2. Alumnos que hayan finalizado la Ingenier\u00eda T\u00e9cnica, pueden realizar el &hellip; <a href=\"https:\/\/novapaginaetsid.webs.upv.es\/?page_id=6569\"><br \/>Continuar leyendo<\/a><\/p>\n","protected":false},"author":7,"featured_media":0,"parent":93,"menu_order":0,"comment_status":"closed","ping_status":"closed","template":"","meta":{"footnotes":""},"class_list":["post-6569","page","type-page","status-publish","hentry"],"_links":{"self":[{"href":"https:\/\/novapaginaetsid.webs.upv.es\/index.php?rest_route=\/wp\/v2\/pages\/6569","targetHints":{"allow":["GET"]}}],"collection":[{"href":"https:\/\/novapaginaetsid.webs.upv.es\/index.php?rest_route=\/wp\/v2\/pages"}],"about":[{"href":"https:\/\/novapaginaetsid.webs.upv.es\/index.php?rest_route=\/wp\/v2\/types\/page"}],"author":[{"embeddable":true,"href":"https:\/\/novapaginaetsid.webs.upv.es\/index.php?rest_route=\/wp\/v2\/users\/7"}],"replies":[{"embeddable":true,"href":"https:\/\/novapaginaetsid.webs.upv.es\/index.php?rest_route=%2Fwp%2Fv2%2Fcomments&post=6569"}],"version-history":[{"count":5,"href":"https:\/\/novapaginaetsid.webs.upv.es\/index.php?rest_route=\/wp\/v2\/pages\/6569\/revisions"}],"predecessor-version":[{"id":6597,"href":"https:\/\/novapaginaetsid.webs.upv.es\/index.php?rest_route=\/wp\/v2\/pages\/6569\/revisions\/6597"}],"up":[{"embeddable":true,"href":"https:\/\/novapaginaetsid.webs.upv.es\/index.php?rest_route=\/wp\/v2\/pages\/93"}],"wp:attachment":[{"href":"https:\/\/novapaginaetsid.webs.upv.es\/index.php?rest_route=%2Fwp%2Fv2%2Fmedia&parent=6569"}],"curies":[{"name":"wp","href":"https:\/\/api.w.org\/{rel}","templated":true}]}}