
{"id":726,"date":"2011-06-02T11:50:08","date_gmt":"2011-06-02T11:50:08","guid":{"rendered":"http:\/\/www.porvalencia.es\/estid\/?page_id=726"},"modified":"2013-10-15T13:43:45","modified_gmt":"2013-10-15T13:43:45","slug":"primeros-estudios","status":"publish","type":"page","link":"https:\/\/novapaginaetsid.webs.upv.es\/?page_id=726","title":{"rendered":"Primeros estudios"},"content":{"rendered":"<p>En Espa\u00f1a, puede considerarse, que los estudios de ingenier\u00eda industrial comienzan en al a\u00f1o 1850 por el Real Decreto del Ministerio de Comercio, Instrucci\u00f3n y Obras P\u00fablicas, de 4 de Septiembre, en el que el Ministro, Manuel de Seijas Lozano, propon\u00eda a S.M. la reina Isabel II la creaci\u00f3n de las Escuelas Industriales.<\/p>\n<p>Industriales en tres grados: Elemental, de Ampliaci\u00f3n o Profesional y Superior. El Plan de Estudios de las Escuelas de Ampliaci\u00f3n se establece en al art. 14 de este R.D. La Escuela de Valencia es mencionada ya en el Plan Org\u00e1nico de las Escuelas de Fomento de 20 de mayo de 1855, siendo Ministro Francisco de Lux\u00e1n. Aunque las ense\u00f1anzas ya habr\u00edan comenzado en Valencia en 1852.<\/p>\n<p>La primera reforma de las ense\u00f1anzas industriales se efectu\u00f3 por Real Decreto del Ministerio de Fomento el 9 de septiembre de 1857, al promulgar la \u00abLey de Instrucci\u00f3n P\u00fablica\u00bb por el Ministro Claudio Moyano.<\/p>\n<p>En la citada Ley se eleva la Escuela de<br \/>\nValencia al rango de Escuela Superior.Por Real Decreto de 28 de abril de 1861 se autoriza a la Escuela Industrial de Valencia para admitir a examen de fin de carrera de Ingenieros Mec\u00e1nicos y Qu\u00edmicos.<\/p>\n<p>Por Real Decreto de 17 de agosto de 1901 se confirma el rango de Escuela Superior de Industria a la de Valencia.<\/p>\n<p>En el curso 1906-1907 se refund\u00f3 La Escuela Industrial de Valencia.<\/p>\n","protected":false},"excerpt":{"rendered":"<p>En Espa\u00f1a, puede considerarse, que los estudios de ingenier\u00eda industrial comienzan en al a\u00f1o 1850 por el Real Decreto del Ministerio de Comercio, Instrucci\u00f3n y Obras P\u00fablicas, de 4 de Septiembre, en el que el Ministro, Manuel de Seijas Lozano, &hellip; <a href=\"https:\/\/novapaginaetsid.webs.upv.es\/?page_id=726\"><br \/>Continuar leyendo<\/a><\/p>\n","protected":false},"author":4,"featured_media":0,"parent":0,"menu_order":0,"comment_status":"open","ping_status":"closed","template":"plantilla_nuestrahistoria.php","meta":{"footnotes":""},"class_list":["post-726","page","type-page","status-publish","hentry"],"_links":{"self":[{"href":"https:\/\/novapaginaetsid.webs.upv.es\/index.php?rest_route=\/wp\/v2\/pages\/726","targetHints":{"allow":["GET"]}}],"collection":[{"href":"https:\/\/novapaginaetsid.webs.upv.es\/index.php?rest_route=\/wp\/v2\/pages"}],"about":[{"href":"https:\/\/novapaginaetsid.webs.upv.es\/index.php?rest_route=\/wp\/v2\/types\/page"}],"author":[{"embeddable":true,"href":"https:\/\/novapaginaetsid.webs.upv.es\/index.php?rest_route=\/wp\/v2\/users\/4"}],"replies":[{"embeddable":true,"href":"https:\/\/novapaginaetsid.webs.upv.es\/index.php?rest_route=%2Fwp%2Fv2%2Fcomments&post=726"}],"version-history":[{"count":7,"href":"https:\/\/novapaginaetsid.webs.upv.es\/index.php?rest_route=\/wp\/v2\/pages\/726\/revisions"}],"predecessor-version":[{"id":4561,"href":"https:\/\/novapaginaetsid.webs.upv.es\/index.php?rest_route=\/wp\/v2\/pages\/726\/revisions\/4561"}],"wp:attachment":[{"href":"https:\/\/novapaginaetsid.webs.upv.es\/index.php?rest_route=%2Fwp%2Fv2%2Fmedia&parent=726"}],"curies":[{"name":"wp","href":"https:\/\/api.w.org\/{rel}","templated":true}]}}