
{"id":731,"date":"2011-06-02T11:51:33","date_gmt":"2011-06-02T11:51:33","guid":{"rendered":"http:\/\/www.porvalencia.es\/estid\/?page_id=731"},"modified":"2013-10-15T13:43:48","modified_gmt":"2013-10-15T13:43:48","slug":"avda-antic-regne","status":"publish","type":"page","link":"https:\/\/novapaginaetsid.webs.upv.es\/?page_id=731","title":{"rendered":"Avda. Antic Regne"},"content":{"rendered":"<p>En 1923 traslada sus actividades te\u00f3ricas a las aulas del Instituto  Luis Vives.El 31 de mayo de 1925 el entonces Jefe de Gobierno, General  Primo de Rivera, coloca la primera piedra de lo que deber\u00eda ser el  edificio de la avenida del Antic Regne de Val\u00e8ncia.<\/p>\n<p>La extraordinaria vitalidad de nuestra Escuela obliga a sucesivas  ampliaciones realizadas en 1933, con ampliaci\u00f3n de locales para la  secci\u00f3n de metalograf\u00eda, en 1940, con la ampliaci\u00f3n de la nave de  Talleres y la construcci\u00f3n de una nueva planta para aulas, y en 1965,  con la construcci\u00f3n del nuevo pabell\u00f3n de Laboratorios.<\/p>\n<p>Las Escuelas Superiores de Industria dependieron inicialmente del Ministerio de Comercio, Instrucci\u00f3n y Obras P\u00fablicas.<\/p>\n<p>Posteriormente la dependencia fue del Ministerio de Gracia y Justicia  en tiempo relativamente corto, para ser incluidas posteriormente, en el  Ministerio de Fomento. En 1928 y por R.D. de 21 de diciembre, las  Escuelas Superiores de Industrias pasan a depender del Ministerio de  Trabajo y cambian su denominaci\u00f3n por la de Escuelas Superiores de  Trabajo.<\/p>\n<p>Por R.D. de 19 de septiembre de 1931 se incluyen en el Ministerio de  de Instrucci\u00f3n P\u00fablica y Bellas Artes con la denominaci\u00f3n de Escuelas de  Peritos Industriales. Ley de 29 de abril de 1964, sobre \u00abEnse\u00f1anzas  T\u00e9cnicas\u00bb pasan a denominarse Escuelas de Ingenier\u00eda T\u00e9cnica Industrial.<\/p>\n","protected":false},"excerpt":{"rendered":"<p>En 1923 traslada sus actividades te\u00f3ricas a las aulas del Instituto Luis Vives.El 31 de mayo de 1925 el entonces Jefe de Gobierno, General Primo de Rivera, coloca la primera piedra de lo que deber\u00eda ser el edificio de la &hellip; <a href=\"https:\/\/novapaginaetsid.webs.upv.es\/?page_id=731\"><br \/>Continuar leyendo<\/a><\/p>\n","protected":false},"author":4,"featured_media":0,"parent":0,"menu_order":0,"comment_status":"open","ping_status":"closed","template":"plantilla_nuestrahistoria.php","meta":{"footnotes":""},"class_list":["post-731","page","type-page","status-publish","hentry"],"_links":{"self":[{"href":"https:\/\/novapaginaetsid.webs.upv.es\/index.php?rest_route=\/wp\/v2\/pages\/731","targetHints":{"allow":["GET"]}}],"collection":[{"href":"https:\/\/novapaginaetsid.webs.upv.es\/index.php?rest_route=\/wp\/v2\/pages"}],"about":[{"href":"https:\/\/novapaginaetsid.webs.upv.es\/index.php?rest_route=\/wp\/v2\/types\/page"}],"author":[{"embeddable":true,"href":"https:\/\/novapaginaetsid.webs.upv.es\/index.php?rest_route=\/wp\/v2\/users\/4"}],"replies":[{"embeddable":true,"href":"https:\/\/novapaginaetsid.webs.upv.es\/index.php?rest_route=%2Fwp%2Fv2%2Fcomments&post=731"}],"version-history":[{"count":10,"href":"https:\/\/novapaginaetsid.webs.upv.es\/index.php?rest_route=\/wp\/v2\/pages\/731\/revisions"}],"predecessor-version":[{"id":4563,"href":"https:\/\/novapaginaetsid.webs.upv.es\/index.php?rest_route=\/wp\/v2\/pages\/731\/revisions\/4563"}],"wp:attachment":[{"href":"https:\/\/novapaginaetsid.webs.upv.es\/index.php?rest_route=%2Fwp%2Fv2%2Fmedia&parent=731"}],"curies":[{"name":"wp","href":"https:\/\/api.w.org\/{rel}","templated":true}]}}