
{"id":733,"date":"2011-06-02T11:52:12","date_gmt":"2011-06-02T11:52:12","guid":{"rendered":"http:\/\/www.porvalencia.es\/estid\/?page_id=733"},"modified":"2015-10-28T12:59:11","modified_gmt":"2015-10-28T12:59:11","slug":"en-el-campus-de-la-u-p-v","status":"publish","type":"page","link":"https:\/\/novapaginaetsid.webs.upv.es\/?page_id=733","title":{"rendered":"En el campus de la U.P.V."},"content":{"rendered":"<p>Finalmente, la Ley General de Educaci\u00f3n de 1970 las incorpora a la Universitat bajo la denominaci\u00f3n de Escuelas Universitarias de Ingenier\u00eda T\u00e9cnica Industrial. Agotados las posibilidades del inmueble de la avenida del Antic Regne de Val\u00e8ncia, se ha construido un nuevo edificio para la ubicaci\u00f3n de la Escuela en el Campus de nuestra Universitat Polit\u00e8cnica, siendo Rector D. Justo Nieto Nieto y Director de la Escuela D. Enrique Ballester Sarrias, ser\u00e1 inaugurado este edificio por el Conseller de Educaci\u00f3n Cipri\u00e1 Ciscar en presencia del Ministro de Educaci\u00f3n y Ciencia D. Javier Solana Madariaga, el 25 de julio de 1989.<\/p>\n","protected":false},"excerpt":{"rendered":"<p>Finalmente, la Ley General de Educaci\u00f3n de 1970 las incorpora a la Universitat bajo la denominaci\u00f3n de Escuelas Universitarias de Ingenier\u00eda T\u00e9cnica Industrial. Agotados las posibilidades del inmueble de la avenida del Antic Regne de Val\u00e8ncia, se ha construido un &hellip; <a href=\"https:\/\/novapaginaetsid.webs.upv.es\/?page_id=733\"><br \/>Continuar leyendo<\/a><\/p>\n","protected":false},"author":4,"featured_media":0,"parent":0,"menu_order":0,"comment_status":"open","ping_status":"closed","template":"","meta":{"footnotes":""},"class_list":["post-733","page","type-page","status-publish","hentry"],"_links":{"self":[{"href":"https:\/\/novapaginaetsid.webs.upv.es\/index.php?rest_route=\/wp\/v2\/pages\/733","targetHints":{"allow":["GET"]}}],"collection":[{"href":"https:\/\/novapaginaetsid.webs.upv.es\/index.php?rest_route=\/wp\/v2\/pages"}],"about":[{"href":"https:\/\/novapaginaetsid.webs.upv.es\/index.php?rest_route=\/wp\/v2\/types\/page"}],"author":[{"embeddable":true,"href":"https:\/\/novapaginaetsid.webs.upv.es\/index.php?rest_route=\/wp\/v2\/users\/4"}],"replies":[{"embeddable":true,"href":"https:\/\/novapaginaetsid.webs.upv.es\/index.php?rest_route=%2Fwp%2Fv2%2Fcomments&post=733"}],"version-history":[{"count":12,"href":"https:\/\/novapaginaetsid.webs.upv.es\/index.php?rest_route=\/wp\/v2\/pages\/733\/revisions"}],"predecessor-version":[{"id":6366,"href":"https:\/\/novapaginaetsid.webs.upv.es\/index.php?rest_route=\/wp\/v2\/pages\/733\/revisions\/6366"}],"wp:attachment":[{"href":"https:\/\/novapaginaetsid.webs.upv.es\/index.php?rest_route=%2Fwp%2Fv2%2Fmedia&parent=733"}],"curies":[{"name":"wp","href":"https:\/\/api.w.org\/{rel}","templated":true}]}}