
{"id":77,"date":"2011-05-10T10:51:32","date_gmt":"2011-05-10T10:51:32","guid":{"rendered":"http:\/\/porvalencia.es\/estid\/?page_id=77"},"modified":"2013-11-25T12:53:06","modified_gmt":"2013-11-25T12:53:06","slug":"programas-de-doctorado","status":"publish","type":"page","link":"https:\/\/novapaginaetsid.webs.upv.es\/?page_id=77","title":{"rendered":"Programas de Doctorado"},"content":{"rendered":"<hr \/>\n<p><a title=\"Doctorado\" href=\"http:\/\/www.dfgpi.upv.es\/\" target=\"_blank\">Programa de Doctorado en Dise\u00f1o, Fabricaci\u00f3n y Gesti\u00f3n de Proyectos Industriales<\/a><\/p>\n<hr \/>\n","protected":false},"excerpt":{"rendered":"<p>Programa de Doctorado en Dise\u00f1o, Fabricaci\u00f3n y Gesti\u00f3n de Proyectos Industriales<\/p>\n","protected":false},"author":4,"featured_media":0,"parent":27,"menu_order":6,"comment_status":"open","ping_status":"closed","template":"plantilla_programadoctorado.php","meta":{"footnotes":""},"class_list":["post-77","page","type-page","status-publish","hentry"],"_links":{"self":[{"href":"https:\/\/novapaginaetsid.webs.upv.es\/index.php?rest_route=\/wp\/v2\/pages\/77","targetHints":{"allow":["GET"]}}],"collection":[{"href":"https:\/\/novapaginaetsid.webs.upv.es\/index.php?rest_route=\/wp\/v2\/pages"}],"about":[{"href":"https:\/\/novapaginaetsid.webs.upv.es\/index.php?rest_route=\/wp\/v2\/types\/page"}],"author":[{"embeddable":true,"href":"https:\/\/novapaginaetsid.webs.upv.es\/index.php?rest_route=\/wp\/v2\/users\/4"}],"replies":[{"embeddable":true,"href":"https:\/\/novapaginaetsid.webs.upv.es\/index.php?rest_route=%2Fwp%2Fv2%2Fcomments&post=77"}],"version-history":[{"count":14,"href":"https:\/\/novapaginaetsid.webs.upv.es\/index.php?rest_route=\/wp\/v2\/pages\/77\/revisions"}],"predecessor-version":[{"id":5035,"href":"https:\/\/novapaginaetsid.webs.upv.es\/index.php?rest_route=\/wp\/v2\/pages\/77\/revisions\/5035"}],"up":[{"embeddable":true,"href":"https:\/\/novapaginaetsid.webs.upv.es\/index.php?rest_route=\/wp\/v2\/pages\/27"}],"wp:attachment":[{"href":"https:\/\/novapaginaetsid.webs.upv.es\/index.php?rest_route=%2Fwp%2Fv2%2Fmedia&parent=77"}],"curies":[{"name":"wp","href":"https:\/\/api.w.org\/{rel}","templated":true}]}}