
{"id":9,"date":"2011-05-09T17:28:01","date_gmt":"2011-05-09T17:28:01","guid":{"rendered":"http:\/\/porvalencia.es\/estid\/?page_id=9"},"modified":"2014-10-03T10:21:34","modified_gmt":"2014-10-03T10:21:34","slug":"nuestra-historia","status":"publish","type":"page","link":"https:\/\/novapaginaetsid.webs.upv.es\/?page_id=9","title":{"rendered":"Nuestra Historia"},"content":{"rendered":"<p>La historia de la actual Ingenier\u00eda T\u00e9cnica Industrial, comienza con el centro instituido por Real Orden de 24 de Marzo de 1851*, en la Ciudad de Valencia, tras reforma de 1852, se formaliza con la posterior publicaci\u00f3n en La Gaceta de Madrid (22 de Mayo de 1855, N\u00ba 871) del Real Decreto sobre el Plan de Escuelas Industriales.<\/p>\n<p>En el T\u00edtulo III \u00abDe las escuelas profesionales\u00bb, donde se articulan las materias y la estructura de la ense\u00f1anza profesional, el art\u00edculo 14 dice \u00abPor ahora solo en Madrid, Barcelona, Sevilla, Vergara y Valencia habr\u00e1 escuelas profesionales\u00bb.<\/p>\n<p>Desde el comienzo de su existencia, la Escuela de Valencia, al igual que el resto de las de Espa\u00f1a, se ha visto sometida a innumerables cambios tanto de estructura como de funcionamiento, denominaci\u00f3n, etc&#8230; no en vano, siempre ha llevado parejos los t\u00e9rminos \u00abprofesional\u00bb, \u00abde aplicaci\u00f3n\u00bb e \u00abindustrial\u00bb.<\/p>\n<p>Es por ello, que resulta complejo relatar la historia de la Escuela de Valencia, la documentaci\u00f3n es escasa y, a menudo , entreverada.<\/p>\n<p>Se puede seguir la historia a trav\u00e9s de su funcionamiento o, mas bien, por las disposiciones legales que la han regulado, tanto en los aspectos acad\u00e9micos como en los de atribuciones profesionales. As\u00ed pues, la actual ETSID es una evoluci\u00f3n del centro creado por Real Decreto de 22 de Mayo del 1855 en la Gaceta de Madrid en la ciudad de Valencia, junto con las escuelas de Madrid, Barcelona, Sevilla, y Vergara.<\/p>\n<p>Posteriormente, la Escuela de Valencia ha seguido en la l\u00ednea de formar en sus aulas la mayor\u00eda de\u00a0los titulados universitarios que han contribuido a consolidar el tejido industrial de la Comunidad Valenciana.<\/p>\n<p>*Archivo Hist\u00f3rico de la Universidad de Valencia (AHUV), libro 236.<\/p>\n","protected":false},"excerpt":{"rendered":"<p>La historia de la actual Ingenier\u00eda T\u00e9cnica Industrial, comienza con el centro instituido por Real Orden de 24 de Marzo de 1851*, en la Ciudad de Valencia, tras reforma de 1852, se formaliza con la posterior publicaci\u00f3n en La Gaceta &hellip; <a href=\"https:\/\/novapaginaetsid.webs.upv.es\/?page_id=9\"><br \/>Continuar leyendo<\/a><\/p>\n","protected":false},"author":4,"featured_media":0,"parent":20,"menu_order":2,"comment_status":"open","ping_status":"closed","template":"plantilla_nuestrahistoria_0.php","meta":{"footnotes":""},"class_list":["post-9","page","type-page","status-publish","hentry"],"_links":{"self":[{"href":"https:\/\/novapaginaetsid.webs.upv.es\/index.php?rest_route=\/wp\/v2\/pages\/9","targetHints":{"allow":["GET"]}}],"collection":[{"href":"https:\/\/novapaginaetsid.webs.upv.es\/index.php?rest_route=\/wp\/v2\/pages"}],"about":[{"href":"https:\/\/novapaginaetsid.webs.upv.es\/index.php?rest_route=\/wp\/v2\/types\/page"}],"author":[{"embeddable":true,"href":"https:\/\/novapaginaetsid.webs.upv.es\/index.php?rest_route=\/wp\/v2\/users\/4"}],"replies":[{"embeddable":true,"href":"https:\/\/novapaginaetsid.webs.upv.es\/index.php?rest_route=%2Fwp%2Fv2%2Fcomments&post=9"}],"version-history":[{"count":23,"href":"https:\/\/novapaginaetsid.webs.upv.es\/index.php?rest_route=\/wp\/v2\/pages\/9\/revisions"}],"predecessor-version":[{"id":729,"href":"https:\/\/novapaginaetsid.webs.upv.es\/index.php?rest_route=\/wp\/v2\/pages\/9\/revisions\/729"}],"up":[{"embeddable":true,"href":"https:\/\/novapaginaetsid.webs.upv.es\/index.php?rest_route=\/wp\/v2\/pages\/20"}],"wp:attachment":[{"href":"https:\/\/novapaginaetsid.webs.upv.es\/index.php?rest_route=%2Fwp%2Fv2%2Fmedia&parent=9"}],"curies":[{"name":"wp","href":"https:\/\/api.w.org\/{rel}","templated":true}]}}